{"id":3448,"date":"2018-02-11T14:44:41","date_gmt":"2018-02-11T14:44:41","guid":{"rendered":"https:\/\/en.passengereye.com\/?page_id=3448"},"modified":"2018-02-11T16:05:35","modified_gmt":"2018-02-11T16:05:35","slug":"howtouse","status":"publish","type":"page","link":"https:\/\/en.passengereye.com\/et\/howtouse\/","title":{"rendered":"Kuidas kasutada"},"content":{"rendered":"<h2><strong>Kirjeldus \/ kasutusjuhend<\/strong><\/h2>\n<p>PassengerEye on TASUTA mobiilirakendus, mis v\u00f5imaldab kasutajal esitada fotoaruandeid asukohtadest. Fotoaruanded laaditakse \u00fcles portaali https:\/\/en.passengereye.com, kus saab vaadata fotoaruandeid.<\/p>\n<p>PassengerEye mobiilirakendus on m\u00f5eldud reisivate m\u00fc\u00fcjate, v\u00e4lism\u00fc\u00fcjate, m\u00fc\u00fcgipersonali, erinevate \u00fcrituste korraldajate v\u00f5i muude sarnaste isikute jaoks. PassengerEye mobiilirakendust saab kasutada ka eraviisiliselt.<\/p>\n<p>Mobiilirakenduse PassengerEye kasutaja (edaspidi \"m\u00fc\u00fcja\") saab fotoaruandeid \u00fcles laadida \u00fchele v\u00f5i mitmele registreeritud kontole (edaspidi \"konto\").<\/p>\n<p>M\u00fc\u00fcjad \/ T\u00f6\u00f6taja \/ Juht \/ Juhataja saavad kasutada mobiilirakendust PassengerEye:<br \/>\n- fotoaruandluse alguse ja l\u00f5pu registreerimiseks (kasutatud aeg ja raja pikkus)<br \/>\n- valida asukoht, kauplus, hoone jms asukoha nimekirjast<br \/>\n- lisada oma asukoht loetellu,<br \/>\n- pildistada v\u00f5i luua fotogalerii asukohast<br \/>\n- lisada fotoaruande kirjeldus,<br \/>\n- teha fotoaruande \u00fcleslaadimine portaali PassengerEye.com kontole.<\/p>\n<p>Juriidiline v\u00f5i f\u00fc\u00fcsiline isik saab avada registreeritud konto portaalis https:\/\/en.passengereye.com. Igal m\u00fc\u00fcjal v\u00f5ib olla mitu registreeritud kontot v\u00f5i ta v\u00f5ib mobiilirakenduse PassengerEye abil koostada fotoaruandeid ainult teiste registreeritud kontode jaoks. Mobiilirakenduse kasutamiseks ei ole vaja portaalis registreeritud kasutajakontot, oluline on ainult see, et m\u00fc\u00fcja s\u00f5lmib lepingu \u00fche valitud kontoga (see v\u00f5ib olla ka testkonto).<\/p>\n<p>Fotoaruanne (\u00fcks v\u00f5i mitu pilti koos valitud asukoha kirjeldusega) salvestatakse portaalis https:\/\/en.passengereye.com, vastavalt GPS-positsioonile koos kirja pandud aja ja kaardistatud teekonnaga fotoaruannete vahel.<\/p>\n<h2><strong>Rakenduse kasutamine<\/strong><\/h2>\n<ol>\n<li>Kui m\u00fc\u00fcgimees logib mobiilirakendusse PassengerEye sisse, valib ta k\u00f5igepealt konto, millega tal on leping, selleks on vaja interneti\u00fchendust.<\/li>\n<li>Sisselogimisel \u00fchendab mobiilirakendus PassengerEye lepingulise konto portaaliga https:\/\/en.passengereye.com ning teatab sellele aja ja asukoha.<\/li>\n<li>M\u00fc\u00fcja teeb ja laeb \u00fcles pildiaruandeid mobiilirakenduse PassengerEye abil.<\/li>\n<li>P\u00e4rast pildiaruandluse ja reisimise l\u00f5ppu logib m\u00fc\u00fcgimees mobiilirakendusest v\u00e4lja ja teavitab sellega lepingukontot kulutatud ajast ja l\u00e4bis\u00f5iduh\u00fcvitisest.<\/li>\n<\/ol>\n<p>Portaalis https:\/\/en.passengereye.com v\u00f5ib igal kontol olla \u00fcks v\u00f5i mitu m\u00fc\u00fcjat, kes on saatnud sinna fotoaruandeid. Registreeritud on kuvatud konto fotoaruanded, kulutatud tunnid ja kogu teekonna pikkus p\u00e4evade kaupa iga \u00fcksiku m\u00fc\u00fcgimehe kohta. Portaalis https:\/\/en.passengereye.com:<\/p>\n<p>- reisijat saab j\u00e4lgida kontol kaardil,<br \/>\n- asukohti saab kontrollida fotodega<br \/>\n- tee pikkus kilomeetrites ja<br \/>\n- iga m\u00fc\u00fcgimehe poolt konkreetsel p\u00e4eval kulutatud aeg.<\/p>\n<p>Iga m\u00fc\u00fcgimees v\u00f5ib kinnitada lepingu \u00fche v\u00f5i mitme kliendiga v\u00f5i ettev\u00f5ttega. Igal kontol v\u00f5i ettev\u00f5ttel v\u00f5ib olla mitu m\u00fc\u00fcgimeest. Seet\u00f5ttu v\u00f5ib iga mobiilirakenduse kasutaja laadida fotoaruandeid kas ainult \u00fchele valitud kontole v\u00f5i mitmele kontole. S\u00f5ltuvalt sellest, kui paljude kontodega tal on leping.<\/p>\n<p>M\u00fc\u00fcja, kellel ei ole aktiivset lepingut, v\u00f5ib kasutada testkasutust v\u00f5i registreerida oma ettev\u00f5tte aadressil https:\/\/PassengerEye.com ja \u00fchendada oma telefonis oleva rakenduse oma kontoga ning laadida sinna \u00fcles fotoaruandeid.<\/p>\n<p>Kui kasutaja ei soovi registreerida kontot aadressil https:\/\/en.passengereye.com, v\u00f5ib ta saata oma mobiilirakenduste PIN-koodi v\u00f5i API-v\u00f5tme e-posti aadressile app@marcelino.si ja ta saab lepingu koos testkontoga. Testkonto v\u00f5i testfirma toimib piiranguteta.<\/p>\n<p>Toimimiseks on vaja:<br \/>\n- Internet (sisselogimiseks ja v\u00e4ljumiseks)<br \/>\n- mobiiltelefoni lubatud asukoht (GPS-funktsioon)<br \/>\n- \u00fchendus PassengerEye.com'i registreeritud konto v\u00f5i testkonto abil.<\/p>\n<p>Rakendus ei ole m\u00f5eldud ainult ettev\u00f5tetele, seda saavad kasutada ka eraisikud.<\/p>\n<p>Mis on uus versioonis 1.0<br \/>\n- foto all olev kirjeldus ja kommentaarid, mis on tehtud<br \/>\n- sisselogimine \u00fchte v\u00f5i mitmesse ettev\u00f5ttesse (st portaalis registreeritud kasutajatele)<br \/>\n- \u00fchel ettev\u00f5ttel v\u00f5i registreeritud kontol v\u00f5ib olla mitu m\u00fc\u00fcjat<br \/>\n- t\u00f6\u00f6aja m\u00f5\u00f5tmine<br \/>\n- tee pikkuse m\u00f5\u00f5tmine<br \/>\n- erinevad aruanded portaalis (fotoraportide arv m\u00fc\u00fcja ja p\u00e4eva kohta jne).<br \/>\n- asukohtade nimekirja lisamine (import l\u00e4bi portaali)<br \/>\n- saitide lisamine \u00fchtsesse nimekirja mobiilirakenduses PassengerEye.com<\/p>","protected":false},"excerpt":{"rendered":"<p>Kirjeldus \/ kasutusjuhend PassengerEye on TASUTA mobiilirakendus, mis v\u00f5imaldab kasutajal esitada fotoaruandeid asukohtadest. Fotoaruanded laaditakse \u00fcles portaali https:\/\/en.passengereye.com, kus saab vaadata fotoaruandeid. PassengerEye [...]<\/p>","protected":false},"author":2,"featured_media":0,"parent":0,"menu_order":0,"comment_status":"closed","ping_status":"closed","template":"","meta":[],"_links":{"self":[{"href":"https:\/\/en.passengereye.com\/et\/wp-json\/wp\/v2\/pages\/3448"}],"collection":[{"href":"https:\/\/en.passengereye.com\/et\/wp-json\/wp\/v2\/pages"}],"about":[{"href":"https:\/\/en.passengereye.com\/et\/wp-json\/wp\/v2\/types\/page"}],"author":[{"embeddable":true,"href":"https:\/\/en.passengereye.com\/et\/wp-json\/wp\/v2\/users\/2"}],"replies":[{"embeddable":true,"href":"https:\/\/en.passengereye.com\/et\/wp-json\/wp\/v2\/comments?post=3448"}],"version-history":[{"count":9,"href":"https:\/\/en.passengereye.com\/et\/wp-json\/wp\/v2\/pages\/3448\/revisions"}],"predecessor-version":[{"id":3463,"href":"https:\/\/en.passengereye.com\/et\/wp-json\/wp\/v2\/pages\/3448\/revisions\/3463"}],"wp:attachment":[{"href":"https:\/\/en.passengereye.com\/et\/wp-json\/wp\/v2\/media?parent=3448"}],"curies":[{"name":"wp","href":"https:\/\/api.w.org\/{rel}","templated":true}]}}