{"id":12,"date":"2010-07-25T19:40:01","date_gmt":"2010-07-26T02:40:01","guid":{"rendered":"http:\/\/wpthemetestdata.wordpress.com\/about\/"},"modified":"2010-07-25T19:40:01","modified_gmt":"2010-07-26T02:40:01","slug":"features","status":"publish","type":"page","link":"https:\/\/en.passengereye.com\/et\/features\/","title":{"rendered":"Omadused"},"content":{"rendered":"<p><img loading=\"lazy\" class=\"aligncenter wp-image-2031 size-full\" src=\"http:\/\/demo.leafcolor.com\/applay\/wp-content\/uploads\/2014\/10\/sc.png\" alt=\"sc\" width=\"900\" height=\"600\" \/><\/p>\n<p>&nbsp;<\/p>\n<div class=\"ia-heading ia-heading-heading_1240 heading-align-left\" data-delay=\"\">\r\n    \t<h2 >\r\n                \tAPPLAY KOHTA                <\/h2>\r\n        <div class=\"clearfix\"><\/div>\r\n    <\/div>\r\n    Applay on mitmeotstarbeline WordPressi teema rakenduste esitlemiseks, App Store, App Landing, Business ja Shopping. Kui teile meeldib see teema, palun hinnake 5 t\u00e4rni v\u00f5i j\u00e4tke kommentaarid, et saaksime teha paremaid tooteid.<\/p>\n<p>&nbsp;<\/p>\n    <div class=\"ia-heading ia-heading-heading_1531 heading-align-left\" data-delay=\"\">\r\n    \t<h2 >\r\n                \tOmadused                <\/h2>\r\n        <div class=\"clearfix\"><\/div>\r\n    <\/div>\r\n    \n<ul>\n<li>\u00dclimalt reageeriv disain<\/li>\n<li>Retina valmis<\/li>\n<li>4 Kodulehe varianti ja piiramatud v\u00f5imalused<\/li>\n<li>3 Appstore'i varianti ja piiramatud v\u00f5imalused<\/li>\n<li>3 p\u00e4ise stiil x 2 p\u00e4ise skeemi (tume\/hele)<\/li>\n<li>Mobile Showcase Builder Plugin - loo mobiilne makett ilma Photoshopita<\/li>\n<li>M\u00fc\u00fca v\u00f5i promo Mobile Apps kasutades WooCommerce<\/li>\n<li>WooCommerce integreeritud - M\u00fc\u00fcge oma toodet h\u00f5lpsasti internetis<\/li>\n<li>Parallax &amp; CSS animatsiooni efekt<\/li>\n<li>*Lehtede ehitaja - Visual Composer lisatud (s\u00e4\u00e4state $25)<\/li>\n<li>*Quick Ajax - Modern Ajax Query lisatud (s\u00e4\u00e4state $17)<br \/>\nPaindlikud, v\u00f5imsad ja ilusad l\u00fchikoodid<\/li>\n<li>Piiramata v\u00e4rvid ja kujundus<\/li>\n<li>Mitmesambaline men\u00fc\u00fc rippmen\u00fc\u00fc<\/li>\n<li>Sisseehitatud vidinad ja kohandatud vidina paigutuse seaded<\/li>\n<li>Sotsiaalsed kontod ja sotsiaalne jagamine<\/li>\n<li>T\u00e4ielikult kohandatav teema valikutega<\/li>\n<li>Lisatud n\u00e4idisandmed<\/li>\n<li>Toetus WP Pagenavi, Contact Form 7, Flickr Badges Widget...<\/li>\n<li>Toetab k\u00f5iki Google'i kirjat\u00fc\u00fcpe<\/li>\n<li>Font Awesome Integreeritud<\/li>\n<li>WPML Ready - mitmekeelsete veebisaitide jaoks<\/li>\n<li>Automaatne uuendamine - et hoida oma teema viimasele versioonile ajakohasena<\/li>\n<li>Kohandatav eellaadimise efekt<\/li>\n<\/ul>\n<p>(Uuendamine)<\/p>","protected":false},"excerpt":{"rendered":"<p>&nbsp; Applay is a multipurpose WordPress theme for App showcase, App Store, App Landing, Business and Shopping. If you like this theme, please rate 5 stars or leave comments so we can make better products. [&hellip;]<\/p>","protected":false},"author":1,"featured_media":0,"parent":0,"menu_order":1,"comment_status":"closed","ping_status":"closed","template":"","meta":[],"_links":{"self":[{"href":"https:\/\/en.passengereye.com\/et\/wp-json\/wp\/v2\/pages\/12"}],"collection":[{"href":"https:\/\/en.passengereye.com\/et\/wp-json\/wp\/v2\/pages"}],"about":[{"href":"https:\/\/en.passengereye.com\/et\/wp-json\/wp\/v2\/types\/page"}],"author":[{"embeddable":true,"href":"https:\/\/en.passengereye.com\/et\/wp-json\/wp\/v2\/users\/1"}],"replies":[{"embeddable":true,"href":"https:\/\/en.passengereye.com\/et\/wp-json\/wp\/v2\/comments?post=12"}],"version-history":[{"count":0,"href":"https:\/\/en.passengereye.com\/et\/wp-json\/wp\/v2\/pages\/12\/revisions"}],"wp:attachment":[{"href":"https:\/\/en.passengereye.com\/et\/wp-json\/wp\/v2\/media?parent=12"}],"curies":[{"name":"wp","href":"https:\/\/api.w.org\/{rel}","templated":true}]}}