{"id":1133,"date":"2013-03-15T18:19:23","date_gmt":"2013-03-15T23:19:23","guid":{"rendered":"http:\/\/wptest.io\/demo\/?page_id=1080"},"modified":"2013-03-15T18:19:23","modified_gmt":"2013-03-15T23:19:23","slug":"page-image-alignment","status":"publish","type":"page","link":"https:\/\/en.passengereye.com\/et\/features\/page-image-alignment\/","title":{"rendered":"Lehek\u00fclje pildi joondamine"},"content":{"rendered":"<p>Tere tulemast pildi joondamisele! Parim viis demonstreerida erinevate piltide paigutusv\u00f5imaluste t\u00f5usu ja m\u00f5\u00f5na, on paigutada need mugavalt s\u00f5nade ookeani vahele. Haara endale aerud ja alustame.<\/p>\n<p>Joondamise kohta tuleb m\u00e4rkida, et kasutajad saavad valida j\u00e4rgmiste v\u00f5imaluste vahel\u00a0<em>Puudub<\/em>,\u00a0<em>Vasakpoolne<\/em>,\u00a0<em>\u00d5ige, <\/em>ja\u00a0<em>Keskus<\/em>. Lisaks saavad nad ka v\u00f5imalusi\u00a0<em>V\u00e4iksen\u00e4gu<\/em>,\u00a0<em>Keskmine<\/em>,\u00a0<em>Suur<\/em>\u00a0&amp;\u00a0<em>T\u00e4issuuruses<\/em>.<\/p>\n<p style=\"text-align:center;\"><img loading=\"lazy\" class=\"size-full wp-image-906 aligncenter\" title=\"Pildi joondamine 580x300\" alt=\"Image Alignment 580x300\" src=\"http:\/\/demo.leafcolor.com\/applay\/wp-content\/uploads\/2013\/03\/image-alignment-580x300.jpg\" width=\"580\" height=\"300\" \/><\/p>\n<p>\u00dclaltoodud pilt juhtub olema\u00a0<em><strong>tsentreeritud<\/strong><\/em>.<\/p>\n<p><strong><img loading=\"lazy\" class=\"size-full wp-image-904 alignleft\" title=\"Pildi joondamine 150x150\" alt=\"Image Alignment 150x150\" src=\"http:\/\/demo.leafcolor.com\/applay\/wp-content\/uploads\/2013\/03\/image-alignment-150x150.jpg\" width=\"150\" height=\"150\" \/><\/strong>\u00dclej\u00e4\u00e4nud osa sellest l\u00f5igust on t\u00e4itematerjal, et n\u00e4ha teksti \u00fcmber 150\u00d7150 pildi, mis on <em><strong>vasakule joondatud<\/strong><\/em>.\u00a0<strong><\/strong><\/p>\n<p>Nagu n\u00e4ete, peaks pildi kohal, all ja paremal pool olema ruumi. Tekst ei tohiks pildi peale hiilida. Roomamine ei ole lihtsalt \u00f5ige. Ka piltidel on vaja hingamisruumi. Las nad r\u00e4\u00e4givad nagu teie s\u00f5nad. Las nad teevad oma t\u00f6\u00f6d, ilma et tekst neid segaks. Umbes \u00fche lausega siin n\u00e4eme, et tekst liigub pildi paremalt poolt pildi alla sujuvas \u00fcleminekus. J\u00e4llegi, lastes teha oma t\u00f6\u00f6d. Missioon t\u00e4idetud!<\/p>\n<p>Ja n\u00fc\u00fcd \u00fcks <em><strong>massiivselt suur pilt<\/strong><\/em>. Samuti on see <em><strong>ei ole joondatud<\/strong><\/em>.<\/p>\n<p><img loading=\"lazy\" class=\"alignnone  wp-image-907\" title=\"Pildi joondamine 1200x400\" alt=\"Image Alignment 1200x400\" src=\"http:\/\/demo.leafcolor.com\/applay\/wp-content\/uploads\/2013\/03\/image-alignment-1200x4002.jpg\" width=\"1200\" height=\"400\" \/><\/p>\n<p>\u00dclaltoodud pilt, kuigi 1200px lai, ei tohiks sisuala \u00fcletada. See peaks j\u00e4\u00e4ma suletud, ilma et see h\u00e4iriks n\u00e4htavalt sisu liikumist.<\/p>\n<p><img loading=\"lazy\" class=\"size-full wp-image-905 alignright\" title=\"Pildi joondamine 300x200\" alt=\"Image Alignment 300x200\" src=\"http:\/\/demo.leafcolor.com\/applay\/wp-content\/uploads\/2013\/03\/image-alignment-300x200.jpg\" width=\"300\" height=\"200\" \/><\/p>\n<p>Ja n\u00fc\u00fcd l\u00e4heme me \u00fcle asjadele <em><strong>paremale joondamine<\/strong><\/em>. J\u00e4llegi, pildi kohal, all ja vasakul peaks olema piisavalt ruumi. Lihtsalt vaadake teda seal... Hei kutt! Way to rokkida, et paremal pool. Mind ei huvita, mida vasakule joondatud pilt \u00fctleb, sa n\u00e4ed suurep\u00e4rane v\u00e4lja. \u00c4ra lase kellelgi teisel sulle midagi muud \u00f6elda.<\/p>\n<p>Veidi aja p\u00e4rast peaksite n\u00e4gema, et tekst hakkab paremale joondatud pildi alla k\u00e4\u00e4rima ja paigutub kenasti sisse. Seal peaks olema veel palju ruumi ja k\u00f5ik peaks ilusti istuma. Jah... T\u00e4pselt nii. Nii hea tunne ei ole kunagi olnud, et on \u00f5ige.<\/p>\n<p>Ja just siis, kui te arvasite, et me oleme l\u00f5petanud, teeme need k\u00f5ik uuesti koos pildiallkirjadega!<\/p>\n<div id=\"attachment_906\" style=\"width: 590px\" class=\"wp-caption aligncenter\"><img aria-describedby=\"caption-attachment-906\" loading=\"lazy\" class=\"size-full wp-image-906\" title=\"Pildi joondamine 580x300\" alt=\"Image Alignment 580x300\" src=\"http:\/\/demo.leafcolor.com\/applay\/wp-content\/uploads\/2013\/03\/image-alignment-580x300.jpg\" width=\"580\" height=\"300\" \/><p id=\"caption-attachment-906\" class=\"wp-caption-text\">Vaata 580\u00d7300 saada m\u00f5ned <a title=\"Pildi seaded\" href=\"http:\/\/en.support.wordpress.com\/images\/image-settings\/\">Pealkiri<\/a> armastus.<\/p><\/div>\n<p>\u00dclaltoodud pilt juhtub olema\u00a0<em><strong>tsentreeritud<\/strong><\/em>. Pealkirjas on ka link, lihtsalt selleks, et n\u00e4ha, kas see teeb midagi funky.<\/p>\n<div id=\"attachment_904\" style=\"width: 160px\" class=\"wp-caption alignleft\"><img aria-describedby=\"caption-attachment-904\" loading=\"lazy\" class=\"size-full wp-image-904\" title=\"Pildi joondamine 150x150\" alt=\"Image Alignment 150x150\" src=\"http:\/\/demo.leafcolor.com\/applay\/wp-content\/uploads\/2013\/03\/image-alignment-150x150.jpg\" width=\"150\" height=\"150\" \/><p id=\"caption-attachment-904\" class=\"wp-caption-text\">Pisikene pealkiri.<\/p><\/div>\n<p><strong><\/strong>\u00dclej\u00e4\u00e4nud osa sellest l\u00f5igust on t\u00e4itematerjal, et n\u00e4ha teksti \u00fcmber 150\u00d7150 pildi, mis on <em><strong>vasakule joondatud<\/strong><\/em>.\u00a0<strong><\/strong><\/p>\n<p>Nagu n\u00e4ete, peaks pildi kohal, all ja paremal pool olema ruumi. Tekst ei tohiks pildi peale hiilida. Roomamine ei ole lihtsalt \u00f5ige. Ka piltidel on vaja hingamisruumi. Las nad r\u00e4\u00e4givad nagu teie s\u00f5nad. Las nad teevad oma t\u00f6\u00f6d, ilma et tekst neid segaks. Umbes \u00fche lausega siin n\u00e4eme, et tekst liigub pildi paremalt poolt pildi alla sujuvas \u00fcleminekus. J\u00e4llegi, lastes teha oma t\u00f6\u00f6d. Missioon t\u00e4idetud!<\/p>\n<p>Ja n\u00fc\u00fcd \u00fcks <em><strong>massiivselt suur pilt<\/strong><\/em>. Samuti on see <em><strong>ei ole joondatud<\/strong><\/em>.<\/p>\n<div id=\"attachment_907\" style=\"width: 1210px\" class=\"wp-caption alignnone\"><img aria-describedby=\"caption-attachment-907\" loading=\"lazy\" class=\"wp-image-907\" title=\"Pildi joondamine 1200x400\" alt=\"Image Alignment 1200x400\" src=\"http:\/\/demo.leafcolor.com\/applay\/wp-content\/uploads\/2013\/03\/image-alignment-1200x4002.jpg\" width=\"1200\" height=\"400\" \/><p id=\"caption-attachment-907\" class=\"wp-caption-text\">Massiivne pildikommentaar teie silmamunade jaoks.<\/p><\/div>\n<p>\u00dclaltoodud pilt, kuigi 1200px lai, ei tohiks sisuala \u00fcletada. See peaks j\u00e4\u00e4ma suletud, ilma et see h\u00e4iriks n\u00e4htavalt sisu liikumist.<\/p>\n<div id=\"attachment_905\" style=\"width: 310px\" class=\"wp-caption alignright\"><img aria-describedby=\"caption-attachment-905\" loading=\"lazy\" class=\"size-full wp-image-905\" title=\"Pildi joondamine 300x200\" alt=\"Image Alignment 300x200\" src=\"http:\/\/demo.leafcolor.com\/applay\/wp-content\/uploads\/2013\/03\/image-alignment-300x200.jpg\" width=\"300\" height=\"200\" \/><p id=\"caption-attachment-905\" class=\"wp-caption-text\">Tundub hea, kui sul on kogu aeg \u00f5igus.<\/p><\/div>\n<p>Ja n\u00fc\u00fcd l\u00e4heme me \u00fcle asjadele <em><strong>paremale joondamine<\/strong><\/em>. J\u00e4llegi, pildi kohal, all ja vasakul peaks olema piisavalt ruumi. Lihtsalt vaadake teda seal... Hei kutt! Way to rokkida, et paremal pool. Mind ei huvita, mida vasakule joondatud pilt \u00fctleb, sa n\u00e4ed suurep\u00e4rane v\u00e4lja. \u00c4ra lase kellelgi teisel sulle midagi muud \u00f6elda.<\/p>\n<p>Veidi aja p\u00e4rast peaksite n\u00e4gema, et tekst hakkab paremale joondatud pildi alla k\u00e4\u00e4rima ja paigutub kenasti sisse. Seal peaks olema veel palju ruumi ja k\u00f5ik peaks ilusti istuma. Jah... T\u00e4pselt nii. Nii hea tunne ei ole kunagi olnud, et on \u00f5ige.<\/p>\n<p>Ja sellega ongi k\u00f5ik, yo! Te olete \u00fcle elanud tormilise joondumise veed. Pildi joondamise saavutus avanenud!<\/p>","protected":false},"excerpt":{"rendered":"<p>Welcome to image alignment! The best way to demonstrate the ebb and flow of the various image positioning options is to nestle them snuggly among an ocean of words. Grab a paddle and let&#8217;s get [&hellip;]<\/p>","protected":false},"author":1,"featured_media":0,"parent":12,"menu_order":0,"comment_status":"open","ping_status":"closed","template":"","meta":[],"_links":{"self":[{"href":"https:\/\/en.passengereye.com\/et\/wp-json\/wp\/v2\/pages\/1133"}],"collection":[{"href":"https:\/\/en.passengereye.com\/et\/wp-json\/wp\/v2\/pages"}],"about":[{"href":"https:\/\/en.passengereye.com\/et\/wp-json\/wp\/v2\/types\/page"}],"author":[{"embeddable":true,"href":"https:\/\/en.passengereye.com\/et\/wp-json\/wp\/v2\/users\/1"}],"replies":[{"embeddable":true,"href":"https:\/\/en.passengereye.com\/et\/wp-json\/wp\/v2\/comments?post=1133"}],"version-history":[{"count":0,"href":"https:\/\/en.passengereye.com\/et\/wp-json\/wp\/v2\/pages\/1133\/revisions"}],"up":[{"embeddable":true,"href":"https:\/\/en.passengereye.com\/et\/wp-json\/wp\/v2\/pages\/12"}],"wp:attachment":[{"href":"https:\/\/en.passengereye.com\/et\/wp-json\/wp\/v2\/media?parent=1133"}],"curies":[{"name":"wp","href":"https:\/\/api.w.org\/{rel}","templated":true}]}}