{"id":3450,"date":"2018-02-11T14:46:27","date_gmt":"2018-02-11T14:46:27","guid":{"rendered":"https:\/\/en.passengereye.com\/?page_id=3450"},"modified":"2018-02-11T14:46:27","modified_gmt":"2018-02-11T14:46:27","slug":"list","status":"publish","type":"page","link":"https:\/\/en.passengereye.com\/es\/list\/","title":{"rendered":"Lista"},"content":{"rendered":"<p>Para recibir informaci\u00f3n sobre sus Datos Personales, las finalidades y las partes con las que se comparten los Datos, p\u00f3ngase en contacto con el Propietario.<\/p>\n<h3><strong>Controlador y propietario de los datos<\/strong><\/h3>\n<p>MARCELINO d.o.o. Kranj\u010deva ulica 4; 3000 Celje; EU-Slovenija<\/p>\n<p>WEB:\u00a0<a href=\"http:\/\/marcelino.si\/\">http:\/\/marcelino.si<\/a>\u00a0y\u00a0<a href=\"http:\/\/passengereye.com\/\">http:\/\/passengereye.com<\/a><\/p>\n<p>Tel:+386 (0) 59 182 800, +386 (0) 59 251 431<\/p>\n<p>GSM:+386 (0) 31 324 100; +386 (0) 70 602 000<\/p>\n<p>E-mail:info@marcelino.si<\/p>\n<p>NIF SI76044157<\/p>\n<p>N\u00famero de registro: 2276038000<\/p>\n<p>La empresa est\u00e1 inscrita en el Registro Mercantil del Tribunal de Distrito de Celje.<\/p>\n<h4><strong>Tipos de datos recogidos<\/strong><\/h4>\n<p>El propietario no proporciona una lista de los tipos de Datos Personales recogidos.<\/p>\n<p>Otros Datos Personales recogidos pueden describirse en otras secciones de esta pol\u00edtica de privacidad o mediante un texto explicativo espec\u00edfico contextualizado con la recogida de Datos.<br \/>\nLos Datos Personales pueden ser proporcionados libremente por el Usuario, o recogidos autom\u00e1ticamente al utilizar esta Aplicaci\u00f3n.<br \/>\nCualquier uso de Cookies -o de otras herramientas de seguimiento- por parte de esta Aplicaci\u00f3n o de los titulares de servicios de terceros utilizados por esta Aplicaci\u00f3n, salvo que se indique lo contrario, sirve para identificar a los Usuarios y recordar sus preferencias, con la \u00fanica finalidad de prestar el servicio requerido por el Usuario.<br \/>\nEl hecho de no proporcionar ciertos Datos Personales puede imposibilitar que esta Aplicaci\u00f3n preste sus servicios.<\/p>\n<p>Los Usuarios son responsables de cualquier Dato Personal de terceros obtenido, publicado o compartido a trav\u00e9s de esta Aplicaci\u00f3n y confirman que tienen el consentimiento del tercero para proporcionar los Datos al Propietario.<\/p>\n<h3><strong>Modo y lugar de tratamiento de los datos<\/strong><\/h3>\n<h4><strong>M\u00e9todos de tratamiento<\/strong><\/h4>\n<p>El Responsable del Tratamiento procesa los Datos de los Usuarios de forma adecuada y tomar\u00e1 las medidas de seguridad apropiadas para impedir el acceso no autorizado, la divulgaci\u00f3n, la modificaci\u00f3n o la destrucci\u00f3n no autorizada de los Datos.<br \/>\nEl tratamiento de los Datos se lleva a cabo utilizando ordenadores y\/o herramientas inform\u00e1ticas, siguiendo procedimientos y modos organizativos estrictamente relacionados con los fines indicados. Adem\u00e1s del Controlador de Datos, en algunos casos, los Datos pueden ser accesibles a ciertos tipos de personas a cargo, involucradas con la operaci\u00f3n del sitio (administraci\u00f3n, ventas, marketing, legal, administraci\u00f3n del sistema) o partes externas (como proveedores de servicios t\u00e9cnicos de terceros, portadores de correo, proveedores de alojamiento, compa\u00f1\u00edas de TI, agencias de comunicaciones) designados, si es necesario, como Procesadores de Datos por el Propietario. La lista actualizada de estas partes puede solicitarse al Responsable del Tratamiento en cualquier momento.<\/p>\n<h4><strong>Lugar<\/strong><\/h4>\n<p>Los datos se procesan en las oficinas operativas del responsable del tratamiento y en cualquier otro lugar donde se encuentren las partes implicadas en el tratamiento. Para m\u00e1s informaci\u00f3n, p\u00f3ngase en contacto con el responsable del tratamiento.<\/p>\n<h4><strong>Tiempo de retenci\u00f3n<\/strong><\/h4>\n<p>Los Datos se conservan durante el tiempo necesario para prestar el servicio solicitado por el Usuario, o indicado por las finalidades se\u00f1aladas en este documento, pudiendo siempre el Usuario solicitar al Responsable del Tratamiento la suspensi\u00f3n o supresi\u00f3n de los mismos.<\/p>\n<h3><strong>Informaci\u00f3n adicional sobre recogida y tratamiento de datos<\/strong><\/h3>\n<h4><strong>Acciones legales<\/strong><\/h4>\n<p>Los Datos Personales del Usuario podr\u00e1n ser utilizados con fines legales por el Responsable del Tratamiento, ante los Tribunales o en las fases conducentes a posibles acciones legales derivadas del uso indebido de esta Aplicaci\u00f3n o de los servicios relacionados.<br \/>\nEl Usuario declara ser consciente de que el Responsable del Tratamiento puede verse obligado a revelar datos personales a petici\u00f3n de las autoridades p\u00fablicas.<\/p>\n<h4><strong>Informaci\u00f3n adicional sobre los datos personales del usuario<\/strong><\/h4>\n<p>Adem\u00e1s de la informaci\u00f3n contenida en la presente pol\u00edtica de privacidad, esta Aplicaci\u00f3n puede proporcionar al Usuario, previa solicitud, informaci\u00f3n adicional y contextual relativa a servicios concretos o a la recogida y tratamiento de Datos Personales.<\/p>\n<h4><strong>Registros y mantenimiento del sistema<\/strong><\/h4>\n<p>A efectos de funcionamiento y mantenimiento, esta Aplicaci\u00f3n y cualquier servicio de terceros pueden recopilar archivos que registren la interacci\u00f3n con esta Aplicaci\u00f3n (registros del Sistema) o utilizar para este fin otros Datos Personales (como la Direcci\u00f3n IP).<\/p>\n<h4><strong>Informaci\u00f3n no incluida en esta pol\u00edtica<\/strong><\/h4>\n<p>En cualquier momento puede solicitar al responsable del tratamiento m\u00e1s detalles sobre la recogida o el tratamiento de datos personales. Consulte la informaci\u00f3n de contacto que figura al principio de este documento.<\/p>\n<h4><strong>Derechos de los usuarios<\/strong><\/h4>\n<p>Los usuarios tienen derecho, en cualquier momento, a saber si sus Datos Personales han sido almacenados y pueden consultar al Responsable del Tratamiento para conocer su contenido y origen, verificar su exactitud o solicitar que se completen, cancelen, actualicen o rectifiquen, o su transformaci\u00f3n en formato an\u00f3nimo o el bloqueo de los datos conservados en violaci\u00f3n de la ley, as\u00ed como oponerse a su tratamiento por cualquier motivo leg\u00edtimo. Las solicitudes deben dirigirse al responsable del tratamiento a la direcci\u00f3n de contacto indicada anteriormente.<\/p>\n<p>Esta Aplicaci\u00f3n no admite solicitudes \"Do Not Track\".<br \/>\nPara determinar si alguno de los servicios de terceros que utiliza respeta las solicitudes de \"No rastrear\", lea sus pol\u00edticas de privacidad.<\/p>\n<h4><strong>Cambios en esta pol\u00edtica de privacidad<\/strong><\/h4>\n<p>El responsable del tratamiento se reserva el derecho de modificar esta pol\u00edtica de privacidad en cualquier momento, notific\u00e1ndolo a sus usuarios en esta p\u00e1gina. Se recomienda encarecidamente consultar esta p\u00e1gina con frecuencia, haciendo referencia a la fecha de la \u00faltima modificaci\u00f3n que figura en la parte inferior. Si un Usuario se opone a alguna de las modificaciones de la Pol\u00edtica, deber\u00e1 dejar de utilizar esta Aplicaci\u00f3n y podr\u00e1 solicitar al Responsable del Tratamiento que elimine los Datos Personales. A menos que se indique lo contrario, la pol\u00edtica de privacidad vigente en ese momento se aplica a todos los Datos Personales que el Responsable del Tratamiento tenga sobre los Usuarios.<\/p>\n<h4><strong>Informaci\u00f3n sobre esta pol\u00edtica de privacidad<\/strong><\/h4>\n<p>El Controlador de Datos es responsable de esta pol\u00edtica de privacidad, elaborada a partir de los m\u00f3dulos proporcionados por Marcelino d.o.o. y alojados en los servidores de Marcelino d.o.o..<\/p>\n<h4><strong>Definiciones y referencias jur\u00eddicas<\/strong><\/h4>\n<p><strong>Datos personales<\/strong><\/p>\n<p>Cualquier informaci\u00f3n relativa a una persona f\u00edsica, una persona jur\u00eddica, una instituci\u00f3n o una asociaci\u00f3n, que sea o pueda ser identificada, incluso indirectamente, por referencia a cualquier otra informaci\u00f3n, incluido un n\u00famero de identificaci\u00f3n personal.<\/p>\n<p><strong>Datos de uso<\/strong><\/p>\n<p>Informaci\u00f3n recopilada autom\u00e1ticamente de esta Aplicaci\u00f3n (o de servicios de terceros empleados en esta Aplicaci\u00f3n), que puede incluir: las direcciones IP o los nombres de dominio de los ordenadores utilizados por los Usuarios que utilizan esta Aplicaci\u00f3n, las direcciones URI (Uniform Resource Identifier), la hora de la solicitud, el m\u00e9todo utilizado para enviar la solicitud al servidor, el tama\u00f1o del archivo recibido como respuesta, el c\u00f3digo num\u00e9rico que indica el estado de la respuesta del servidor (resultado satisfactorio, error, etc.), el pa\u00eds de origen, las caracter\u00edsticas del navegador y el sistema operativo utilizados por el usuario, los distintos datos de tiempo por visita (por ejemplo, el tiempo empleado en cada p\u00e1gina de la Aplicaci\u00f3n) y los detalles sobre la ruta seguida dentro de la Aplicaci\u00f3n, con especial referencia a la secuencia de p\u00e1ginas visitadas, as\u00ed como otros par\u00e1metros sobre el sistema operativo del dispositivo y\/o el entorno inform\u00e1tico del Usuario.<\/p>\n<p><strong>Usuario<\/strong><\/p>\n<p>La persona f\u00edsica usuaria de esta Aplicaci\u00f3n, que debe coincidir o estar autorizada por el Titular de los Datos, a quien se refieren los Datos Personales.<\/p>\n<p><strong>Sujeto de los datos<\/strong><\/p>\n<p>La persona f\u00edsica o jur\u00eddica a la que se refieren los Datos Personales.<\/p>\n<p><strong>Procesador de datos (o Supervisor de datos)<\/strong><\/p>\n<p>La persona f\u00edsica, jur\u00eddica, administraci\u00f3n p\u00fablica o cualquier otro organismo, asociaci\u00f3n u organizaci\u00f3n autorizada por el Responsable del Tratamiento para tratar los Datos Personales de conformidad con la presente pol\u00edtica de privacidad.<\/p>\n<p><strong>Responsable (o propietario) de los datos<\/strong><\/p>\n<p>La persona f\u00edsica, persona jur\u00eddica, administraci\u00f3n p\u00fablica o cualquier otro organismo, asociaci\u00f3n u organizaci\u00f3n con derecho, tambi\u00e9n conjuntamente con otro Responsable del Tratamiento, a tomar decisiones sobre los fines, y los m\u00e9todos de tratamiento de los Datos Personales y los medios utilizados, incluidas las medidas de seguridad relativas al funcionamiento y uso de esta Aplicaci\u00f3n. El Responsable del Tratamiento, a menos que se especifique lo contrario, es el Propietario de esta Aplicaci\u00f3n.<\/p>\n<p><strong>Esta aplicaci\u00f3n<\/strong><\/p>\n<p>La herramienta de hardware o software mediante la cual se recogen los Datos Personales del Usuario.<\/p>\n<hr \/>\n<p><strong>Informaci\u00f3n jur\u00eddica<\/strong><\/p>\n<p>Aviso a los usuarios europeos: esta declaraci\u00f3n de privacidad se ha elaborado en cumplimiento de las obligaciones establecidas en el Art. 10 de la Directiva de la CE n. 95\/46\/CE, y bajo las disposiciones de la Directiva 2002\/58\/CE, revisada por la Directiva 2009\/136\/CE, en materia de Cookies.<\/p>\n<p>Esta pol\u00edtica de privacidad se refiere \u00fanicamente a esta Aplicaci\u00f3n.<\/p>\n<p>\u00daltima actualizaci\u00f3n: 04 de mayo de 2017<\/p>","protected":false},"excerpt":{"rendered":"<p>Para recibir informaci\u00f3n sobre sus Datos Personales, los fines y las partes con las que se comparten los Datos, p\u00f3ngase en contacto con el Propietario. Controlador de Datos y Propietario MARCELINO d.o.o. Kranj\u010deva ulica 4; 3000 Celje; EU-Slovenija WEB: http:\/\/marcelino.si y http:\/\/passengereye.com [...]<\/p>","protected":false},"author":2,"featured_media":0,"parent":0,"menu_order":0,"comment_status":"closed","ping_status":"closed","template":"","meta":[],"_links":{"self":[{"href":"https:\/\/en.passengereye.com\/es\/wp-json\/wp\/v2\/pages\/3450"}],"collection":[{"href":"https:\/\/en.passengereye.com\/es\/wp-json\/wp\/v2\/pages"}],"about":[{"href":"https:\/\/en.passengereye.com\/es\/wp-json\/wp\/v2\/types\/page"}],"author":[{"embeddable":true,"href":"https:\/\/en.passengereye.com\/es\/wp-json\/wp\/v2\/users\/2"}],"replies":[{"embeddable":true,"href":"https:\/\/en.passengereye.com\/es\/wp-json\/wp\/v2\/comments?post=3450"}],"version-history":[{"count":1,"href":"https:\/\/en.passengereye.com\/es\/wp-json\/wp\/v2\/pages\/3450\/revisions"}],"predecessor-version":[{"id":3451,"href":"https:\/\/en.passengereye.com\/es\/wp-json\/wp\/v2\/pages\/3450\/revisions\/3451"}],"wp:attachment":[{"href":"https:\/\/en.passengereye.com\/es\/wp-json\/wp\/v2\/media?parent=3450"}],"curies":[{"name":"wp","href":"https:\/\/api.w.org\/{rel}","templated":true}]}}