{"id":3448,"date":"2018-02-11T14:44:41","date_gmt":"2018-02-11T14:44:41","guid":{"rendered":"https:\/\/en.passengereye.com\/?page_id=3448"},"modified":"2018-02-11T16:05:35","modified_gmt":"2018-02-11T16:05:35","slug":"howtouse","status":"publish","type":"page","link":"https:\/\/en.passengereye.com\/es\/howtouse\/","title":{"rendered":"C\u00f3mo utilizarlo"},"content":{"rendered":"<h2><strong>Descripci\u00f3n \/ Instrucciones de uso<\/strong><\/h2>\n<p>PassengerEye es una aplicaci\u00f3n m\u00f3vil GRATUITA que permite al usuario realizar reportajes fotogr\u00e1ficos de lugares. Los reportajes fotogr\u00e1ficos se cargan en el portal https:\/\/en.passengereye.com, donde se pueden ver.<\/p>\n<p>La aplicaci\u00f3n m\u00f3vil PassengerEye est\u00e1 dise\u00f1ada para vendedores ambulantes, vendedores de campo, personal de ventas, promotores de diversos eventos u otras personas similares. La aplicaci\u00f3n m\u00f3vil PassengerEye tambi\u00e9n puede utilizarse de forma privada.<\/p>\n<p>El usuario de la aplicaci\u00f3n m\u00f3vil PassengerEye (en adelante vendedor) puede cargar reportajes fotogr\u00e1ficos en una o varias cuentas registradas (en adelante cuenta).<\/p>\n<p>Los vendedores \/ empleados \/ gerentes \/ supervisores pueden utilizar la aplicaci\u00f3n m\u00f3vil PassengerEye:<br \/>\n- para registrar el inicio y el final del reportaje fotogr\u00e1fico (hora utilizada y longitud del trayecto)<br \/>\n- elegir ubicaci\u00f3n, tienda, edificio y similares de una lista de ubicaciones<br \/>\n- para a\u00f1adir su propia ubicaci\u00f3n a la lista,<br \/>\n- fotografiar o crear una galer\u00eda de fotos del lugar<br \/>\n- para a\u00f1adir una descripci\u00f3n del reportaje fotogr\u00e1fico,<br \/>\n- para realizar una carga de un reportaje fotogr\u00e1fico en el portal PassengerEye.com a la cuenta.<\/p>\n<p>Una persona f\u00edsica o jur\u00eddica puede abrir una cuenta registrada en el portal https:\/\/en.passengereye.com. Cada vendedor puede tener m\u00e1s cuentas registradas o s\u00f3lo puede producir reportajes fotogr\u00e1ficos para otras cuentas registradas con la ayuda de la aplicaci\u00f3n m\u00f3vil PassengerEye. Para el uso de la aplicaci\u00f3n m\u00f3vil no es necesaria una cuenta de usuario registrada en el portal, lo importante es \u00fanicamente que el vendedor realice un contrato con una de las cuentas seleccionadas (tambi\u00e9n puede ser una cuenta de prueba).<\/p>\n<p>En el portal https:\/\/en.passengereye.com se almacena un reportaje fotogr\u00e1fico (una o varias im\u00e1genes con descripci\u00f3n para la ubicaci\u00f3n seleccionada), seg\u00fan la ubicaci\u00f3n GPS con la hora escrita y una ruta cartografiada entre los reportajes fotogr\u00e1ficos.<\/p>\n<h2><strong>Uso de la aplicaci\u00f3n<\/strong><\/h2>\n<ol>\n<li>Cuando el vendedor se conecta a la aplicaci\u00f3n m\u00f3vil PassengerEye, elige primero una cuenta, con la que tiene un contrato, para lo que necesita una conexi\u00f3n a Internet.<\/li>\n<li>Al conectarse, la aplicaci\u00f3n m\u00f3vil PassengerEye se conecta con la cuenta del contrato al portal https:\/\/en.passengereye.com y le informa de la hora y la ubicaci\u00f3n.<\/li>\n<li>El vendedor realiza y carga reportajes fotogr\u00e1ficos con ayuda de la aplicaci\u00f3n m\u00f3vil PassengerEye.<\/li>\n<li>Una vez finalizado el reportaje fotogr\u00e1fico y el viaje, el vendedor cierra la sesi\u00f3n en la aplicaci\u00f3n m\u00f3vil y, de este modo, informa a la cuenta del contrato sobre el tiempo invertido y las dietas por kilometraje.<\/li>\n<\/ol>\n<p>Cada cuenta del portal https:\/\/en.passengereye.com puede tener uno o m\u00e1s vendedores que le hayan enviado reportajes fotogr\u00e1ficos. En la cuenta registrada se muestran los reportajes fotogr\u00e1ficos, las horas empleadas y la longitud de todo el recorrido en d\u00edas de cada vendedor. En el portal https:\/\/en.passengereye.com:<\/p>\n<p>- una persona que viaja puede ser seguida en la cuenta en un mapa,<br \/>\n- se pueden comprobar las fotos de los lugares<br \/>\n- longitud del trayecto en km y<br \/>\n- tiempo empleado por cada vendedor en un d\u00eda determinado.<\/p>\n<p>Cada vendedor puede confirmar un contrato con una o varias cuentas o empresas. Cada cuenta o empresa puede tener m\u00e1s vendedores. Por lo tanto, cada usuario de la aplicaci\u00f3n m\u00f3vil puede subir reportajes fotogr\u00e1ficos a una sola cuenta seleccionada o puede subirlos a varias cuentas. Dependiendo del n\u00famero de cuentas con las que tenga un contrato.<\/p>\n<p>Un vendedor que no tenga un contrato activo, puede utilizar una cuenta de prueba o tambi\u00e9n puede registrar su negocio en https:\/\/PassengerEye.com y conectar la aplicaci\u00f3n en su tel\u00e9fono a su propia cuenta, y cargar en ella reportajes fotogr\u00e1ficos.<\/p>\n<p>Si un usuario no desea registrar una cuenta en https:\/\/en.passengereye.com, puede enviar el PIN o la API KEY de sus aplicaciones m\u00f3viles al correo electr\u00f3nico app@marcelino.si y recibir\u00e1 un contrato con una cuenta de prueba. La cuenta de prueba o la empresa de prueba funciona sin restricciones.<\/p>\n<p>Para el funcionamiento son necesarios:<br \/>\n- Internet (para iniciar y cerrar sesi\u00f3n)<br \/>\n- localizaci\u00f3n habilitada en el tel\u00e9fono m\u00f3vil (funci\u00f3n GPS)<br \/>\n- una conexi\u00f3n con una cuenta registrada o una cuenta de prueba en PassengerEye.com.<\/p>\n<p>La aplicaci\u00f3n no es s\u00f3lo para empresas, tambi\u00e9n puede ser utilizada por particulares.<\/p>\n<p>Novedades de la versi\u00f3n 1.0<br \/>\n- descripci\u00f3n y comentarios debajo de la foto<br \/>\n- inicio de sesi\u00f3n en una o varias empresas (es decir, en usuarios registrados en el portal)<br \/>\n- una empresa o cuenta registrada puede tener varios vendedores<br \/>\n- medici\u00f3n del tiempo de trabajo<br \/>\n- medir la longitud del trayecto<br \/>\n- diversos informes en el portal (n\u00famero de reportajes fotogr\u00e1ficos por vendedor y por d\u00eda, etc.).<br \/>\n- a\u00f1adir una lista de ubicaciones (importaci\u00f3n a trav\u00e9s del portal)<br \/>\n- a\u00f1adir sitios a una lista uniforme dentro de la aplicaci\u00f3n m\u00f3vil PassengerEye.com<\/p>","protected":false},"excerpt":{"rendered":"<p>Descripci\u00f3n \/ Instrucciones de uso PassengerEye es una aplicaci\u00f3n m\u00f3vil GRATUITA que permite al usuario realizar reportajes fotogr\u00e1ficos de lugares. Los reportajes fotogr\u00e1ficos se cargan en el portal https:\/\/en.passengereye.com, donde se pueden ver. El PassengerEye [...]<\/p>","protected":false},"author":2,"featured_media":0,"parent":0,"menu_order":0,"comment_status":"closed","ping_status":"closed","template":"","meta":[],"_links":{"self":[{"href":"https:\/\/en.passengereye.com\/es\/wp-json\/wp\/v2\/pages\/3448"}],"collection":[{"href":"https:\/\/en.passengereye.com\/es\/wp-json\/wp\/v2\/pages"}],"about":[{"href":"https:\/\/en.passengereye.com\/es\/wp-json\/wp\/v2\/types\/page"}],"author":[{"embeddable":true,"href":"https:\/\/en.passengereye.com\/es\/wp-json\/wp\/v2\/users\/2"}],"replies":[{"embeddable":true,"href":"https:\/\/en.passengereye.com\/es\/wp-json\/wp\/v2\/comments?post=3448"}],"version-history":[{"count":9,"href":"https:\/\/en.passengereye.com\/es\/wp-json\/wp\/v2\/pages\/3448\/revisions"}],"predecessor-version":[{"id":3463,"href":"https:\/\/en.passengereye.com\/es\/wp-json\/wp\/v2\/pages\/3448\/revisions\/3463"}],"wp:attachment":[{"href":"https:\/\/en.passengereye.com\/es\/wp-json\/wp\/v2\/media?parent=3448"}],"curies":[{"name":"wp","href":"https:\/\/api.w.org\/{rel}","templated":true}]}}