{"id":12,"date":"2010-07-25T19:40:01","date_gmt":"2010-07-26T02:40:01","guid":{"rendered":"http:\/\/wpthemetestdata.wordpress.com\/about\/"},"modified":"2010-07-25T19:40:01","modified_gmt":"2010-07-26T02:40:01","slug":"features","status":"publish","type":"page","link":"https:\/\/en.passengereye.com\/es\/features\/","title":{"rendered":"Caracter\u00edsticas"},"content":{"rendered":"<p><img loading=\"lazy\" class=\"aligncenter wp-image-2031 size-full\" src=\"http:\/\/demo.leafcolor.com\/applay\/wp-content\/uploads\/2014\/10\/sc.png\" alt=\"sc\" width=\"900\" height=\"600\" \/><\/p>\n<p>&nbsp;<\/p>\n<div class=\"ia-heading ia-heading-heading_9688 heading-align-left\" data-delay=\"\">\r\n    \t<h2 >\r\n                \tSOBRE APPLAY                <\/h2>\r\n        <div class=\"clearfix\"><\/div>\r\n    <\/div>\r\n    Applay es un tema de WordPress multiprop\u00f3sito para App showcase, App Store, App Landing, Negocios y Compras. Si te gusta este tema, por favor calificar 5 estrellas o dejar comentarios para que podamos hacer mejores productos.<\/p>\n<p>&nbsp;<\/p>\n    <div class=\"ia-heading ia-heading-heading_7645 heading-align-left\" data-delay=\"\">\r\n    \t<h2 >\r\n                \tCaracter\u00edsticas                <\/h2>\r\n        <div class=\"clearfix\"><\/div>\r\n    <\/div>\r\n    \n<ul>\n<li>Dise\u00f1o ultra sensible<\/li>\n<li>Preparado para Retina<\/li>\n<li>4 variaciones de p\u00e1gina de inicio y posibilidades ilimitadas<\/li>\n<li>3 variaciones de Appstore y posibilidades ilimitadas<\/li>\n<li>3 Estilo de cabecera x 2 Esquema de cabecera (oscuro\/claro)<\/li>\n<li>Mobile Showcase Builder Plugin - crear maquetas para m\u00f3viles sin Photoshop<\/li>\n<li>Vender o promocionar aplicaciones m\u00f3viles con WooCommerce<\/li>\n<li>WooCommerce Integrado - Vende tu producto en l\u00ednea f\u00e1cilmente<\/li>\n<li>Efecto Parallax y animaci\u00f3n CSS<\/li>\n<li>*Constructor de p\u00e1ginas - Visual Composer incluido (ahorras $25)<\/li>\n<li>*Quick Ajax - Modern Ajax Query incluido (te ahorras $17)<br \/>\nShortcodes flexibles, potentes y bonitos<\/li>\n<li>Colores y dise\u00f1o ilimitados<\/li>\n<li>Men\u00fa desplegable multicolumna<\/li>\n<li>Widgets integrados y configuraci\u00f3n personalizada del dise\u00f1o de los widgets<\/li>\n<li>Cuentas sociales y compartici\u00f3n social<\/li>\n<li>Totalmente personalizable con las opciones del tema<\/li>\n<li>Muestra de datos<\/li>\n<li>Soporte WP Pagenavi, Contact Form 7, Flickr Badges Widget...<\/li>\n<li>Compatible con todas las fuentes de Google<\/li>\n<li>Font Awesome integrado<\/li>\n<li>WPML Ready - Para sitios web multiling\u00fces<\/li>\n<li>Actualizaci\u00f3n autom\u00e1tica - Para mantener su tema actualizado a la \u00faltima versi\u00f3n<\/li>\n<li>Efecto de precarga personalizable<\/li>\n<\/ul>\n<p>(Actualizaci\u00f3n)<\/p>","protected":false},"excerpt":{"rendered":"<p>&nbsp; Applay is a multipurpose WordPress theme for App showcase, App Store, App Landing, Business and Shopping. If you like this theme, please rate 5 stars or leave comments so we can make better products. [&hellip;]<\/p>","protected":false},"author":1,"featured_media":0,"parent":0,"menu_order":1,"comment_status":"closed","ping_status":"closed","template":"","meta":[],"_links":{"self":[{"href":"https:\/\/en.passengereye.com\/es\/wp-json\/wp\/v2\/pages\/12"}],"collection":[{"href":"https:\/\/en.passengereye.com\/es\/wp-json\/wp\/v2\/pages"}],"about":[{"href":"https:\/\/en.passengereye.com\/es\/wp-json\/wp\/v2\/types\/page"}],"author":[{"embeddable":true,"href":"https:\/\/en.passengereye.com\/es\/wp-json\/wp\/v2\/users\/1"}],"replies":[{"embeddable":true,"href":"https:\/\/en.passengereye.com\/es\/wp-json\/wp\/v2\/comments?post=12"}],"version-history":[{"count":0,"href":"https:\/\/en.passengereye.com\/es\/wp-json\/wp\/v2\/pages\/12\/revisions"}],"wp:attachment":[{"href":"https:\/\/en.passengereye.com\/es\/wp-json\/wp\/v2\/media?parent=12"}],"curies":[{"name":"wp","href":"https:\/\/api.w.org\/{rel}","templated":true}]}}