{"id":3450,"date":"2018-02-11T14:46:27","date_gmt":"2018-02-11T14:46:27","guid":{"rendered":"https:\/\/en.passengereye.com\/?page_id=3450"},"modified":"2018-02-11T14:46:27","modified_gmt":"2018-02-11T14:46:27","slug":"list","status":"publish","type":"page","link":"https:\/\/en.passengereye.com\/de\/list\/","title":{"rendered":"Liste"},"content":{"rendered":"<p>Wenn Sie Informationen \u00fcber Ihre pers\u00f6nlichen Daten, die Zwecke und die Parteien, an die die Daten weitergegeben werden, erhalten m\u00f6chten, wenden Sie sich an den Eigent\u00fcmer.<\/p>\n<h3><strong>Controller und Eigent\u00fcmer der Daten<\/strong><\/h3>\n<p>MARCELINO d.o.o. Kranj\u010deva ulica 4; 3000 Celje; EU-Slovenija<\/p>\n<p>WEB:\u00a0<a href=\"http:\/\/marcelino.si\/\">http:\/\/marcelino.si<\/a>\u00a0und\u00a0<a href=\"http:\/\/passengereye.com\/\">http:\/\/passengereye.com<\/a><\/p>\n<p>Tel:+386 (0) 59 182 800, +386 (0) 59 251 431<\/p>\n<p>GSM:+386 (0) 31 324 100; +386 (0) 70 602 000<\/p>\n<p>E-mail:info@marcelino.si<\/p>\n<p>VAT Nr.: SI76044157<\/p>\n<p>Registrierungsnummer: 2276038000<\/p>\n<p>Das Unternehmen ist im Unternehmensregister des Amtsgerichts Celje eingetragen.<\/p>\n<h4><strong>Arten von gesammelten Daten<\/strong><\/h4>\n<p>Der Eigent\u00fcmer stellt keine Liste der gesammelten Arten von pers\u00f6nlichen Daten zur Verf\u00fcgung.<\/p>\n<p>Andere gesammelte pers\u00f6nliche Daten k\u00f6nnen in anderen Abschnitten dieser Datenschutzrichtlinie oder durch spezielle Erkl\u00e4rungstexte im Zusammenhang mit der Datenerhebung beschrieben werden.<br \/>\nDie pers\u00f6nlichen Daten k\u00f6nnen vom Nutzer freiwillig zur Verf\u00fcgung gestellt oder bei der Nutzung dieser Anwendung automatisch erfasst werden.<br \/>\nJegliche Verwendung von Cookies - oder anderen Tracking-Tools - durch diese Anwendung oder durch die Eigent\u00fcmer der von dieser Anwendung genutzten Dienste Dritter dient, sofern nicht anders angegeben, der Identifizierung der Nutzer und der Erinnerung an ihre Pr\u00e4ferenzen, und zwar ausschlie\u00dflich zu dem Zweck, den vom Nutzer gew\u00fcnschten Dienst bereitzustellen.<br \/>\nDie Nichtbereitstellung bestimmter pers\u00f6nlicher Daten kann dazu f\u00fchren, dass diese Anwendung ihre Dienste nicht bereitstellen kann.<\/p>\n<p>Die Nutzer sind f\u00fcr alle pers\u00f6nlichen Daten Dritter verantwortlich, die sie \u00fcber diese Anwendung erhalten, ver\u00f6ffentlicht oder weitergegeben haben, und best\u00e4tigen, dass sie die Zustimmung des Dritten zur Weitergabe der Daten an den Eigent\u00fcmer haben.<\/p>\n<h3><strong>Art und Weise und Ort der Verarbeitung der Daten<\/strong><\/h3>\n<h4><strong>Methoden der Verarbeitung<\/strong><\/h4>\n<p>Der Datenverantwortliche verarbeitet die Daten der Benutzer auf ordnungsgem\u00e4\u00dfe Weise und ergreift geeignete Sicherheitsma\u00dfnahmen, um einen unbefugten Zugriff, eine unbefugte Offenlegung, eine unbefugte \u00c4nderung oder eine unbefugte Zerst\u00f6rung der Daten zu verhindern.<br \/>\nDie Datenverarbeitung erfolgt mit Hilfe von Computern und\/oder IT-gest\u00fctzten Instrumenten, wobei organisatorische Verfahren und Modalit\u00e4ten befolgt werden, die streng mit den angegebenen Zwecken zusammenh\u00e4ngen. Neben dem f\u00fcr die Datenverarbeitung Verantwortlichen k\u00f6nnen die Daten in einigen F\u00e4llen auch bestimmten verantwortlichen Personen zug\u00e4nglich sein, die am Betrieb der Website beteiligt sind (Verwaltung, Vertrieb, Marketing, Rechtsabteilung, Systemadministration), oder externen Parteien (wie z.B. dritten technischen Dienstleistern, Postdienstleistern, Hosting-Anbietern, IT-Unternehmen, Kommunikationsagenturen), die gegebenenfalls vom Eigent\u00fcmer als Datenverarbeiter ernannt werden. Die aktualisierte Liste dieser Parteien kann jederzeit beim Datenverantwortlichen angefordert werden.<\/p>\n<h4><strong>Ort<\/strong><\/h4>\n<p>Die Daten werden in den Betriebsb\u00fcros des Data Controller und an anderen Orten verarbeitet, an denen sich die an der Verarbeitung beteiligten Parteien befinden. F\u00fcr weitere Informationen wenden Sie sich bitte an den Data Controller.<\/p>\n<h4><strong>Aufbewahrungszeit<\/strong><\/h4>\n<p>Die Daten werden so lange aufbewahrt, wie es f\u00fcr die Erbringung der vom Benutzer angeforderten Dienstleistung oder f\u00fcr die in diesem Dokument genannten Zwecke erforderlich ist, und der Benutzer kann jederzeit verlangen, dass der Datenverantwortliche die Daten aussetzt oder entfernt.<\/p>\n<h3><strong>Zus\u00e4tzliche Informationen zur Datenerfassung und -verarbeitung<\/strong><\/h3>\n<h4><strong>Rechtliche Schritte<\/strong><\/h4>\n<p>Die pers\u00f6nlichen Daten des Nutzers k\u00f6nnen vom Datenverantwortlichen f\u00fcr rechtliche Zwecke verwendet werden, und zwar vor Gericht oder in den Phasen, die zu m\u00f6glichen rechtlichen Schritten f\u00fchren, die sich aus einer missbr\u00e4uchlichen Nutzung dieser Anwendung oder der damit verbundenen Dienste ergeben.<br \/>\nDer Benutzer erkl\u00e4rt, dass er sich bewusst ist, dass der Datenverantwortliche auf Anfrage von Beh\u00f6rden verpflichtet sein kann, pers\u00f6nliche Daten preiszugeben.<\/p>\n<h4><strong>Zus\u00e4tzliche Informationen \u00fcber die pers\u00f6nlichen Daten des Benutzers<\/strong><\/h4>\n<p>Zus\u00e4tzlich zu den in dieser Datenschutzrichtlinie enthaltenen Informationen kann diese Anwendung dem Nutzer auf Anfrage zus\u00e4tzliche und kontextbezogene Informationen zu bestimmten Diensten oder zur Erhebung und Verarbeitung personenbezogener Daten zur Verf\u00fcgung stellen.<\/p>\n<h4><strong>Systemprotokolle und Wartung<\/strong><\/h4>\n<p>Zu Betriebs- und Wartungszwecken k\u00f6nnen diese Anwendung und alle Dienste von Drittanbietern Dateien sammeln, die die Interaktion mit dieser Anwendung aufzeichnen (Systemprotokolle) oder zu diesem Zweck andere personenbezogene Daten (wie die IP-Adresse) verwenden.<\/p>\n<h4><strong>Informationen, die nicht in dieser Richtlinie enthalten sind<\/strong><\/h4>\n<p>Weitere Einzelheiten zur Erhebung oder Verarbeitung personenbezogener Daten k\u00f6nnen Sie jederzeit bei dem f\u00fcr die Datenverarbeitung Verantwortlichen erfragen. Bitte beachten Sie die Kontaktinformationen am Anfang dieses Dokuments.<\/p>\n<h4><strong>Die Rechte der Benutzer<\/strong><\/h4>\n<p>Die Benutzer haben das Recht, jederzeit zu erfahren, ob ihre pers\u00f6nlichen Daten gespeichert wurden, und k\u00f6nnen sich an den f\u00fcr die Verarbeitung Verantwortlichen wenden, um sich \u00fcber deren Inhalt und Herkunft zu informieren, ihre Richtigkeit zu \u00fcberpr\u00fcfen oder ihre Erg\u00e4nzung, L\u00f6schung, Aktualisierung oder Berichtigung oder ihre Umwandlung in ein anonymes Format zu verlangen oder die unter Verletzung des Gesetzes gespeicherten Daten zu sperren, sowie sich ihrer Behandlung aus allen legitimen Gr\u00fcnden zu widersetzen. Entsprechende Anfragen sind an den f\u00fcr die Verarbeitung Verantwortlichen unter den oben genannten Kontaktdaten zu richten.<\/p>\n<p>Diese Anwendung unterst\u00fctzt keine \"Do Not Track\"-Anfragen.<br \/>\nUm festzustellen, ob die von uns genutzten Dienste Dritter die \"Do Not Track\"-Anfragen respektieren, lesen Sie bitte deren Datenschutzrichtlinien.<\/p>\n<h4><strong>\u00c4nderungen an dieser Datenschutzrichtlinie<\/strong><\/h4>\n<p>Der f\u00fcr die Datenverarbeitung Verantwortliche beh\u00e4lt sich das Recht vor, diese Datenschutzrichtlinie jederzeit zu \u00e4ndern, indem er seine Nutzer auf dieser Seite dar\u00fcber informiert. Es wird dringend empfohlen, diese Seite h\u00e4ufig zu \u00fcberpr\u00fcfen und dabei auf das Datum der letzten \u00c4nderung zu achten, das am unteren Rand angegeben ist. Wenn ein Nutzer mit einer der \u00c4nderungen der Richtlinie nicht einverstanden ist, muss er die Nutzung dieser Anwendung einstellen und kann den Datenverantwortlichen auffordern, die pers\u00f6nlichen Daten zu entfernen. Sofern nicht anders angegeben, gilt die jeweils aktuelle Datenschutzrichtlinie f\u00fcr alle pers\u00f6nlichen Daten, die der Datenverantwortliche \u00fcber die Nutzer hat.<\/p>\n<h4><strong>Informationen \u00fcber diese Datenschutzrichtlinie<\/strong><\/h4>\n<p>Der f\u00fcr die Datenverarbeitung Verantwortliche ist f\u00fcr diese Datenschutzerkl\u00e4rung verantwortlich, die auf der Grundlage der von Marcelino d.o.o. bereitgestellten und auf den Servern von Marcelino d.o.o. gehosteten Module erstellt wurde.<\/p>\n<h4><strong>Definitionen und rechtliche Hinweise<\/strong><\/h4>\n<p><strong>Pers\u00f6nliche Daten (oder Daten)<\/strong><\/p>\n<p>Alle Informationen \u00fcber eine nat\u00fcrliche Person, eine juristische Person, eine Institution oder eine Vereinigung, die - auch indirekt - durch Bezugnahme auf andere Informationen, einschlie\u00dflich einer pers\u00f6nlichen Identifikationsnummer, identifiziert wird oder werden kann.<\/p>\n<p><strong>Verwendungsdaten<\/strong><\/p>\n<p>Informationen, die automatisch von dieser Anwendung (oder von Diensten Dritter, die in dieser Anwendung verwendet werden) gesammelt werden, wie z.B.: die IP-Adressen oder Dom\u00e4nennamen der Computer, die von den Nutzern verwendet werden, die diese Anwendung nutzen, die URI-Adressen (Uniform Resource Identifier), die Zeit der Anfrage, die Methode, die verwendet wird, um die Anfrage an den Server zu \u00fcbermitteln, die Gr\u00f6\u00dfe der als Antwort erhaltenen Datei, der numerische Code, der den Status der Antwort des Servers angibt (erfolgreiches Ergebnis, Fehler usw.), das Herkunftsland, die Funktionen des Browsers und des Betriebssystems des Nutzers, die verschiedenen Zeitangaben pro Besuch (z.B.), das Herkunftsland, die Funktionen des vom Nutzer verwendeten Browsers und des Betriebssystems, die verschiedenen Zeitangaben pro Besuch (z.B., die Zeit, die auf jeder Seite innerhalb der Anwendung verbracht wurde) und die Details \u00fcber den Pfad, dem innerhalb der Anwendung gefolgt wurde, mit besonderem Bezug auf die Reihenfolge der besuchten Seiten, sowie andere Parameter \u00fcber das Betriebssystem des Ger\u00e4ts und\/oder die IT-Umgebung des Nutzers.<\/p>\n<p><strong>Benutzer<\/strong><\/p>\n<p>Die Person, die diese Anwendung nutzt, muss mit der betroffenen Person, auf die sich die pers\u00f6nlichen Daten beziehen, \u00fcbereinstimmen oder von ihr autorisiert sein.<\/p>\n<p><strong>Daten Thema<\/strong><\/p>\n<p>Die juristische oder nat\u00fcrliche Person, auf die sich die pers\u00f6nlichen Daten beziehen.<\/p>\n<p><strong>Datenverarbeiter (oder Datenverantwortlicher)<\/strong><\/p>\n<p>Die nat\u00fcrliche Person, die juristische Person, die \u00f6ffentliche Verwaltung oder jede andere K\u00f6rperschaft, Vereinigung oder Organisation, die von dem f\u00fcr die Datenverarbeitung Verantwortlichen erm\u00e4chtigt wurde, die personenbezogenen Daten in \u00dcbereinstimmung mit dieser Datenschutzrichtlinie zu verarbeiten.<\/p>\n<p><strong>Data Controller (oder Eigent\u00fcmer)<\/strong><\/p>\n<p>Die nat\u00fcrliche Person, die juristische Person, die \u00f6ffentliche Verwaltung oder jede andere K\u00f6rperschaft, Vereinigung oder Organisation mit dem Recht, auch gemeinsam mit einem anderen f\u00fcr die Datenverarbeitung Verantwortlichen, Entscheidungen \u00fcber die Zwecke und die Methoden der Verarbeitung personenbezogener Daten und die verwendeten Mittel zu treffen, einschlie\u00dflich der Sicherheitsma\u00dfnahmen in Bezug auf den Betrieb und die Nutzung dieser Anwendung. Der Datenverantwortliche ist, sofern nicht anders angegeben, der Eigent\u00fcmer dieser Anwendung.<\/p>\n<p><strong>Diese Anwendung<\/strong><\/p>\n<p>Das Hardware- oder Softwaretool, mit dem die pers\u00f6nlichen Daten des Benutzers gesammelt werden.<\/p>\n<hr \/>\n<p><strong>Rechtliche Informationen<\/strong><\/p>\n<p>Hinweis f\u00fcr europ\u00e4ische Nutzer: Diese Datenschutzerkl\u00e4rung wurde in Erf\u00fcllung der Verpflichtungen gem\u00e4\u00df Art. 10 der EG-Richtlinie Nr. 95\/46\/EG und gem\u00e4\u00df den Bestimmungen der Richtlinie 2002\/58\/EG, \u00fcberarbeitet durch die Richtlinie 2009\/136\/EG, zum Thema Cookies.<\/p>\n<p>Diese Datenschutzrichtlinie bezieht sich ausschlie\u00dflich auf diese Anwendung.<\/p>\n<p>Letzte Aktualisierung: Mai 04, 2017<\/p>","protected":false},"excerpt":{"rendered":"<p>Um Informationen \u00fcber Ihre pers\u00f6nlichen Daten, die Zwecke und die Parteien, an die die Daten weitergegeben werden, zu erhalten, wenden Sie sich an den Eigent\u00fcmer. Verantwortlicher und Inhaber der Daten MARCELINO d.o.o. Kranj\u010deva ulica 4; 3000 Celje; EU-Slovenija WEB: http:\/\/marcelino.si und http:\/\/passengereye.com [...]<\/p>","protected":false},"author":2,"featured_media":0,"parent":0,"menu_order":0,"comment_status":"closed","ping_status":"closed","template":"","meta":[],"_links":{"self":[{"href":"https:\/\/en.passengereye.com\/de\/wp-json\/wp\/v2\/pages\/3450"}],"collection":[{"href":"https:\/\/en.passengereye.com\/de\/wp-json\/wp\/v2\/pages"}],"about":[{"href":"https:\/\/en.passengereye.com\/de\/wp-json\/wp\/v2\/types\/page"}],"author":[{"embeddable":true,"href":"https:\/\/en.passengereye.com\/de\/wp-json\/wp\/v2\/users\/2"}],"replies":[{"embeddable":true,"href":"https:\/\/en.passengereye.com\/de\/wp-json\/wp\/v2\/comments?post=3450"}],"version-history":[{"count":1,"href":"https:\/\/en.passengereye.com\/de\/wp-json\/wp\/v2\/pages\/3450\/revisions"}],"predecessor-version":[{"id":3451,"href":"https:\/\/en.passengereye.com\/de\/wp-json\/wp\/v2\/pages\/3450\/revisions\/3451"}],"wp:attachment":[{"href":"https:\/\/en.passengereye.com\/de\/wp-json\/wp\/v2\/media?parent=3450"}],"curies":[{"name":"wp","href":"https:\/\/api.w.org\/{rel}","templated":true}]}}