{"id":3448,"date":"2018-02-11T14:44:41","date_gmt":"2018-02-11T14:44:41","guid":{"rendered":"https:\/\/en.passengereye.com\/?page_id=3448"},"modified":"2018-02-11T16:05:35","modified_gmt":"2018-02-11T16:05:35","slug":"howtouse","status":"publish","type":"page","link":"https:\/\/en.passengereye.com\/de\/howtouse\/","title":{"rendered":"Wie zu verwenden"},"content":{"rendered":"<h2><strong>Beschreibung \/ Gebrauchsanweisung<\/strong><\/h2>\n<p>PassengerEye ist eine KOSTENLOSE mobile Anwendung, die es dem Benutzer erm\u00f6glicht, Fotoreportagen von Orten zu erstellen. Die Fotoberichte werden auf das Portal https:\/\/en.passengereye.com hochgeladen, wo Sie die Fotoberichte ansehen k\u00f6nnen.<\/p>\n<p>Die PassengerEye-Mobilanwendung wurde f\u00fcr reisende Verk\u00e4ufer, Au\u00dfendienstmitarbeiter, Vertriebsmitarbeiter, Veranstalter verschiedener Events oder andere \u00e4hnliche Personen entwickelt. Die PassengerEye-Mobilanwendung kann auch privat genutzt werden.<\/p>\n<p>Der Benutzer der mobilen Anwendung PassengerEye (im Folgenden Verk\u00e4ufer) kann Fotoberichte auf ein oder mehrere registrierte Konten (im Folgenden Konto) hochladen.<\/p>\n<p>Verk\u00e4ufer \/ Mitarbeiter \/ Manager \/ Vorgesetzte k\u00f6nnen die mobile Anwendung PassengerEye nutzen:<br \/>\n- um Beginn und Ende der Fotoberichterstattung aufzuzeichnen (verwendete Zeit und Pfadl\u00e4nge)<br \/>\n- Ort, Gesch\u00e4ft, Geb\u00e4ude und \u00e4hnliches aus einer Liste von Orten ausw\u00e4hlen<br \/>\n- um ihren eigenen Standort zur Liste hinzuzuf\u00fcgen,<br \/>\n- den Ort zu fotografieren oder eine Fotogalerie von ihm zu erstellen<br \/>\n- um eine Beschreibung des Fotoberichts hinzuzuf\u00fcgen,<br \/>\n- um einen Upload eines Fotoberichts auf das Portal PassengerEye.com zum Konto vorzunehmen.<\/p>\n<p>Eine juristische oder nat\u00fcrliche Person kann ein registriertes Konto auf dem Portal https:\/\/en.passengereye.com er\u00f6ffnen. Jeder Verk\u00e4ufer kann mehrere registrierte Konten haben oder mit Hilfe der mobilen App PassengerEye nur Fotoberichte f\u00fcr andere registrierte Konten erstellen. F\u00fcr die Nutzung der mobilen Anwendung ist ein registriertes Benutzerkonto auf dem Portal nicht erforderlich, wichtig ist nur, dass der Verk\u00e4ufer einen Vertrag mit einem der ausgew\u00e4hlten Konten abschlie\u00dft (dies kann auch ein Testkonto sein).<\/p>\n<p>Ein Fotobericht (ein oder mehrere Bilder mit einer Beschreibung f\u00fcr den ausgew\u00e4hlten Ort) wird auf dem Portal https:\/\/en.passengereye.com gespeichert, entsprechend der GPS-Position mit geschriebener Zeit und einem kartierten Pfad zwischen den Fotoberichten.<\/p>\n<h2><strong>Verwendung der Anwendung<\/strong><\/h2>\n<ol>\n<li>Wenn sich der Verk\u00e4ufer bei der mobilen App PassengerEye anmeldet, w\u00e4hlt er zun\u00e4chst ein Konto aus, mit dem er einen Vertrag abgeschlossen hat, dazu ist eine Internetverbindung erforderlich.<\/li>\n<li>Bei der Anmeldung verbindet sich die mobile Anwendung PassengerEye mit dem Vertragskonto auf dem Portal https:\/\/en.passengereye.com und meldet Zeit und Standort an dieses.<\/li>\n<li>Der Verk\u00e4ufer erstellt und l\u00e4dt Fotoberichte mit Hilfe der mobilen App PassengerEye hoch.<\/li>\n<li>Nach dem Ende der Fotoreportage und der Reise meldet sich der Verk\u00e4ufer aus der mobilen Anwendung ab und informiert damit das Vertragskonto \u00fcber die verbrauchte Zeit und das Kilometergeld.<\/li>\n<\/ol>\n<p>Jedes Konto auf dem Portal https:\/\/en.passengereye.com kann einen oder mehrere Verk\u00e4ufer haben, die Fotoberichte an es geschickt haben. In dem registrierten Konto werden die Fotoberichte, die verbrachten Stunden und die L\u00e4nge des gesamten Reiseweges nach Tagen f\u00fcr jeden einzelnen Verk\u00e4ufer angezeigt. Auf dem Portal https:\/\/en.passengereye.com:<\/p>\n<p>- kann eine reisende Person im Konto auf einer Karte verfolgt werden,<br \/>\n- Fotos von Standorten k\u00f6nnen \u00fcberpr\u00fcft werden<br \/>\n- Wegl\u00e4nge in km und<br \/>\n- die von den einzelnen Verk\u00e4ufern an einem bestimmten Tag verbrachte Zeit.<\/p>\n<p>Jeder Verk\u00e4ufer kann einen Vertrag mit einem oder mehreren Kunden bzw. Unternehmen abschlie\u00dfen. Jedes Konto oder Unternehmen kann mehrere Verk\u00e4ufer haben. Daher kann jeder Benutzer der mobilen Anwendung Fotoberichte entweder nur f\u00fcr ein ausgew\u00e4hltes Konto oder f\u00fcr mehrere Konten hochladen. Abh\u00e4ngig von der Anzahl der Konten, mit denen er einen Vertrag hat.<\/p>\n<p>Ein Verk\u00e4ufer, der keinen aktiven Vertrag hat, kann ein Testkonto verwenden oder auch sein Unternehmen auf https:\/\/PassengerEye.com registrieren und die App auf seinem Telefon mit seinem eigenen Konto verbinden und Fotoberichte darauf hochladen.<\/p>\n<p>Wenn ein Benutzer kein Konto auf https:\/\/en.passengereye.com registrieren m\u00f6chte, kann er die PIN oder den API KEY seiner mobilen Anwendungen an die E-Mail app@marcelino.si senden und erh\u00e4lt einen Vertrag mit einem Testkonto. Das Testkonto oder die Testfirma funktioniert ohne Einschr\u00e4nkungen.<\/p>\n<p>F\u00fcr das Funktionieren sind erforderlich:<br \/>\n- Internet (zum Anmelden und Abmelden)<br \/>\n- aktivierter Standort auf dem Mobiltelefon (GPS-Funktion)<br \/>\n- eine Verbindung mit einem registrierten Konto oder einem Testkonto auf PassengerEye.com.<\/p>\n<p>Die App ist nicht nur f\u00fcr Unternehmen, sondern kann auch von Privatpersonen genutzt werden.<\/p>\n<p>Was ist neu in Version 1.0<br \/>\n- Beschreibung bzw. Kommentare unter dem Foto gemacht<br \/>\n- Anmeldung bei einem oder mehreren Unternehmen (d.h. bei registrierten Benutzern des Portals)<br \/>\n- ein Unternehmen oder registriertes Konto kann mehrere Verk\u00e4ufer haben<br \/>\n- Messung der Arbeitszeit<br \/>\n- Messung der Wegl\u00e4nge<br \/>\n- verschiedene Berichte auf dem Portal (Anzahl der Fotoreportagen pro Verk\u00e4ufer und pro Tag, usw.).<br \/>\n- Hinzuf\u00fcgen einer Liste von Standorten (Import \u00fcber das Portal)<br \/>\n- Hinzuf\u00fcgen von Websites zu einer einheitlichen Liste innerhalb der mobilen Anwendung PassengerEye.com<\/p>","protected":false},"excerpt":{"rendered":"<p>Beschreibung \/ Gebrauchsanweisung PassengerEye ist eine KOSTENLOSE mobile Anwendung, die es dem Benutzer erm\u00f6glicht, Fotoreports von Orten zu erstellen. Die Fotoberichte werden auf das Portal https:\/\/en.passengereye.com hochgeladen, wo Sie die Fotoberichte ansehen k\u00f6nnen. Das PassengerEye [...]<\/p>","protected":false},"author":2,"featured_media":0,"parent":0,"menu_order":0,"comment_status":"closed","ping_status":"closed","template":"","meta":[],"_links":{"self":[{"href":"https:\/\/en.passengereye.com\/de\/wp-json\/wp\/v2\/pages\/3448"}],"collection":[{"href":"https:\/\/en.passengereye.com\/de\/wp-json\/wp\/v2\/pages"}],"about":[{"href":"https:\/\/en.passengereye.com\/de\/wp-json\/wp\/v2\/types\/page"}],"author":[{"embeddable":true,"href":"https:\/\/en.passengereye.com\/de\/wp-json\/wp\/v2\/users\/2"}],"replies":[{"embeddable":true,"href":"https:\/\/en.passengereye.com\/de\/wp-json\/wp\/v2\/comments?post=3448"}],"version-history":[{"count":9,"href":"https:\/\/en.passengereye.com\/de\/wp-json\/wp\/v2\/pages\/3448\/revisions"}],"predecessor-version":[{"id":3463,"href":"https:\/\/en.passengereye.com\/de\/wp-json\/wp\/v2\/pages\/3448\/revisions\/3463"}],"wp:attachment":[{"href":"https:\/\/en.passengereye.com\/de\/wp-json\/wp\/v2\/media?parent=3448"}],"curies":[{"name":"wp","href":"https:\/\/api.w.org\/{rel}","templated":true}]}}