{"id":12,"date":"2010-07-25T19:40:01","date_gmt":"2010-07-26T02:40:01","guid":{"rendered":"http:\/\/wpthemetestdata.wordpress.com\/about\/"},"modified":"2010-07-25T19:40:01","modified_gmt":"2010-07-26T02:40:01","slug":"features","status":"publish","type":"page","link":"https:\/\/en.passengereye.com\/de\/features\/","title":{"rendered":"Eigenschaften"},"content":{"rendered":"<p><img loading=\"lazy\" class=\"aligncenter wp-image-2031 size-full\" src=\"http:\/\/demo.leafcolor.com\/applay\/wp-content\/uploads\/2014\/10\/sc.png\" alt=\"sc\" width=\"900\" height=\"600\" \/><\/p>\n<p>&nbsp;<\/p>\n<div class=\"ia-heading ia-heading-heading_1951 heading-align-left\" data-delay=\"\">\r\n    \t<h2 >\r\n                \t\u00dcBER APPLAY                <\/h2>\r\n        <div class=\"clearfix\"><\/div>\r\n    <\/div>\r\n    Applay ist ein Mehrzweck-WordPress-Theme f\u00fcr App-Showcase, App Store, App Landing, Business und Shopping. Wenn Ihnen dieses Theme gef\u00e4llt, bewerten Sie es bitte mit 5 Sternen oder hinterlassen Sie Kommentare, damit wir bessere Produkte entwickeln k\u00f6nnen.<\/p>\n<p>&nbsp;<\/p>\n    <div class=\"ia-heading ia-heading-heading_9653 heading-align-left\" data-delay=\"\">\r\n    \t<h2 >\r\n                \tEigenschaften                <\/h2>\r\n        <div class=\"clearfix\"><\/div>\r\n    <\/div>\r\n    \n<ul>\n<li>Ultrareaktionsf\u00e4higes Design<\/li>\n<li>Retina-bereit<\/li>\n<li>4 Homepage-Variationen und unbegrenzte M\u00f6glichkeiten<\/li>\n<li>3 Appstore-Varianten und unbegrenzte M\u00f6glichkeiten<\/li>\n<li>3 Kopfzeilenstil x 2 Kopfzeilenschema (Dunkel\/Hell)<\/li>\n<li>Mobile Showcase Builder Plugin - Erstellen Sie mobile Mockups ohne Photoshop<\/li>\n<li>Verkaufen oder bewerben Sie mobile Apps mit WooCommerce<\/li>\n<li>WooCommerce integriert - Verkaufen Sie Ihr Produkt einfach online<\/li>\n<li>Parallaxe &amp; CSS-Animationseffekt<\/li>\n<li>*Seitenerstellung - Visual Composer inklusive (Sie sparen $25)<\/li>\n<li>*Quick Ajax - Modern Ajax Query enthalten (Sie sparen $17)<br \/>\nFlexible, leistungsstarke und sch\u00f6ne Shortcodes<\/li>\n<li>Unbegrenzte Farben und Layout<\/li>\n<li>Mehrspaltiges Men\u00fc Dropdown<\/li>\n<li>Integrierte Widgets und benutzerdefinierte Widget-Layout-Einstellungen<\/li>\n<li>Soziale Konten und Social Sharing<\/li>\n<li>Vollst\u00e4ndig anpassbar mit Theme-Optionen<\/li>\n<li>Beispielhafte Daten enthalten<\/li>\n<li>Unterst\u00fctzung von WP Pagenavi, Contact Form 7, Flickr Badges Widget...<\/li>\n<li>Unterst\u00fctzung aller Google-Schriftarten<\/li>\n<li>Font Awesome integriert<\/li>\n<li>WPML Ready - F\u00fcr mehrsprachige Websites<\/li>\n<li>Auto-Update - Damit Ihr Theme immer auf der neuesten Version ist<\/li>\n<li>Anpassbarer Vorladeeffekt<\/li>\n<\/ul>\n<p>(Aktualisierung)<\/p>","protected":false},"excerpt":{"rendered":"<p>&nbsp; Applay is a multipurpose WordPress theme for App showcase, App Store, App Landing, Business and Shopping. If you like this theme, please rate 5 stars or leave comments so we can make better products. [&hellip;]<\/p>","protected":false},"author":1,"featured_media":0,"parent":0,"menu_order":1,"comment_status":"closed","ping_status":"closed","template":"","meta":[],"_links":{"self":[{"href":"https:\/\/en.passengereye.com\/de\/wp-json\/wp\/v2\/pages\/12"}],"collection":[{"href":"https:\/\/en.passengereye.com\/de\/wp-json\/wp\/v2\/pages"}],"about":[{"href":"https:\/\/en.passengereye.com\/de\/wp-json\/wp\/v2\/types\/page"}],"author":[{"embeddable":true,"href":"https:\/\/en.passengereye.com\/de\/wp-json\/wp\/v2\/users\/1"}],"replies":[{"embeddable":true,"href":"https:\/\/en.passengereye.com\/de\/wp-json\/wp\/v2\/comments?post=12"}],"version-history":[{"count":0,"href":"https:\/\/en.passengereye.com\/de\/wp-json\/wp\/v2\/pages\/12\/revisions"}],"wp:attachment":[{"href":"https:\/\/en.passengereye.com\/de\/wp-json\/wp\/v2\/media?parent=12"}],"curies":[{"name":"wp","href":"https:\/\/api.w.org\/{rel}","templated":true}]}}