{"id":3450,"date":"2018-02-11T14:46:27","date_gmt":"2018-02-11T14:46:27","guid":{"rendered":"https:\/\/en.passengereye.com\/?page_id=3450"},"modified":"2018-02-11T14:46:27","modified_gmt":"2018-02-11T14:46:27","slug":"list","status":"publish","type":"page","link":"https:\/\/en.passengereye.com\/da\/list\/","title":{"rendered":"Liste"},"content":{"rendered":"<p>For at modtage oplysninger om dine personlige data, form\u00e5lene og de parter, som dataene deles med, skal du kontakte ejeren.<\/p>\n<h3><strong>Dataansvarlig og ejer<\/strong><\/h3>\n<p>MARCELINO d.o.o. Kranj\u010deva ulica 4; 3000 Celje; EU-Slovenija<\/p>\n<p>WEB:\u00a0<a href=\"http:\/\/marcelino.si\/\">http:\/\/marcelino.si<\/a>\u00a0og\u00a0<a href=\"http:\/\/passengereye.com\/\">http:\/\/passengereye.com<\/a><\/p>\n<p>Tlf:+386 (0) 59 182 800, +386 (0) 59 251 431<\/p>\n<p>GSM:+386 (0) 31 324 100; +386 (0) 70 602 000<\/p>\n<p>E-mail:info@marcelino.si<\/p>\n<p>VAT Nr: SI76044157<\/p>\n<p>Registreringsnummer: 2276038000<\/p>\n<p>Virksomheden er registreret i virksomhedsregistret ved Celje District Court.<\/p>\n<h4><strong>Typer af indsamlede data<\/strong><\/h4>\n<p>Ejeren giver ikke en liste over indsamlede persondatatyper.<\/p>\n<p>Andre indsamlede persondata kan v\u00e6re beskrevet i andre afsnit af denne privatlivspolitik eller i en s\u00e6rlig forklaringstekst i forbindelse med dataindsamlingen.<br \/>\nPersonoplysningerne kan gives frit af brugeren eller indsamles automatisk ved brug af denne applikation.<br \/>\nEnhver brug af cookies - eller andre sporingsv\u00e6rkt\u00f8jer - af denne applikation eller af ejerne af tredjepartstjenester, der bruges af denne applikation, tjener, medmindre andet er angivet, til at identificere brugere og huske deres pr\u00e6ferencer med det ene form\u00e5l at levere den service, som brugeren har brug for.<br \/>\nManglende levering af visse personlige data kan g\u00f8re det umuligt for denne applikation at levere sine tjenester.<\/p>\n<p>Brugere er ansvarlige for eventuelle personoplysninger fra tredjeparter, der er indhentet, offentliggjort eller delt via denne applikation, og bekr\u00e6fter, at de har tredjepartens samtykke til at levere dataene til ejeren.<\/p>\n<h3><strong>Metode og sted for behandling af data<\/strong><\/h3>\n<h4><strong>Metoder til behandling<\/strong><\/h4>\n<p>Den dataansvarlige behandler brugernes data p\u00e5 en korrekt m\u00e5de og skal tr\u00e6ffe passende sikkerhedsforanstaltninger for at forhindre uautoriseret adgang, offentligg\u00f8relse, \u00e6ndring eller uautoriseret destruktion af dataene.<br \/>\nDatabehandlingen udf\u00f8res ved hj\u00e6lp af computere og\/eller IT-aktiverede v\u00e6rkt\u00f8jer, der f\u00f8lger organisatoriske procedurer og tilstande, der er strengt relateret til de angivne form\u00e5l. Ud over den dataansvarlige kan dataene i nogle tilf\u00e6lde v\u00e6re tilg\u00e6ngelige for visse typer ansvarlige personer, der er involveret i driften af webstedet (administration, salg, marketing, juridisk, systemadministration) eller eksterne parter (s\u00e5som tredjeparts tekniske tjenesteudbydere, postb\u00e6rere, hostingudbydere, it-virksomheder, kommunikationsbureauer), der om n\u00f8dvendigt er udpeget som databehandlere af ejeren. Den opdaterede liste over disse parter kan til enhver tid rekvireres hos den dataansvarlige.<\/p>\n<h4><strong>Sted<\/strong><\/h4>\n<p>Dataene behandles p\u00e5 den dataansvarliges driftskontorer og p\u00e5 alle andre steder, hvor de parter, der er involveret i behandlingen, er placeret. For yderligere oplysninger, kontakt venligst den dataansvarlige.<\/p>\n<h4><strong>Opbevaringstid<\/strong><\/h4>\n<p>Dataene opbevares i den tid, der er n\u00f8dvendig for at levere den service, som brugeren har anmodet om, eller som er angivet i de form\u00e5l, der er beskrevet i dette dokument, og brugeren kan altid anmode den dataansvarlige om at suspendere eller fjerne dataene.<\/p>\n<h3><strong>Yderligere oplysninger om dataindsamling og -behandling<\/strong><\/h3>\n<h4><strong>Retslige skridt<\/strong><\/h4>\n<p>Brugerens personlige data kan bruges til juridiske form\u00e5l af den dataansvarlige, i retten eller i de faser, der f\u00f8rer til mulige retssager som f\u00f8lge af ukorrekt brug af denne applikation eller de relaterede tjenester.<br \/>\nBrugeren erkl\u00e6rer at v\u00e6re opm\u00e6rksom p\u00e5, at den dataansvarlige kan v\u00e6re forpligtet til at afsl\u00f8re personlige data efter anmodning fra offentlige myndigheder.<\/p>\n<h4><strong>Yderligere oplysninger om brugerens personlige data<\/strong><\/h4>\n<p>Ud over de oplysninger, der er indeholdt i denne privatlivspolitik, kan denne applikation give brugeren yderligere og kontekstuelle oplysninger om bestemte tjenester eller indsamling og behandling af personoplysninger efter anmodning.<\/p>\n<h4><strong>Systemlogfiler og vedligeholdelse<\/strong><\/h4>\n<p>Til drifts- og vedligeholdelsesform\u00e5l kan denne applikation og eventuelle tredjepartstjenester indsamle filer, der registrerer interaktion med denne applikation (systemlogfiler) eller bruge andre personlige data til dette form\u00e5l (s\u00e5som IP-adresse).<\/p>\n<h4><strong>Oplysninger, der ikke er indeholdt i denne politik<\/strong><\/h4>\n<p>Flere detaljer vedr\u00f8rende indsamling eller behandling af personoplysninger kan til enhver tid rekvireres fra den dataansvarlige. Se venligst kontaktoplysningerne i begyndelsen af dette dokument.<\/p>\n<h4><strong>Brugernes rettigheder<\/strong><\/h4>\n<p>Brugere har til enhver tid ret til at vide, om deres personlige data er blevet gemt, og kan konsultere den dataansvarlige for at l\u00e6re om deres indhold og oprindelse, for at verificere deres n\u00f8jagtighed eller bede om at f\u00e5 dem suppleret, annulleret, opdateret eller rettet, eller for at f\u00e5 dem omdannet til anonymt format eller for at blokere data, der opbevares i strid med loven, samt at mods\u00e6tte sig deres behandling af alle legitime grunde. Anmodninger skal sendes til den dataansvarlige p\u00e5 de kontaktoplysninger, der er angivet ovenfor.<\/p>\n<p>Denne applikation underst\u00f8tter ikke \"Do Not Track\"-anmodninger.<br \/>\nFor at afg\u00f8re, om nogen af de tredjepartstjenester, der bruges, respekterer \"Do Not Track\"-anmodningerne, bedes du l\u00e6se deres privatlivspolitik.<\/p>\n<h4><strong>\u00c6ndringer til denne privatlivspolitik<\/strong><\/h4>\n<p>Den dataansvarlige forbeholder sig ret til at foretage \u00e6ndringer i denne privatlivspolitik til enhver tid ved at give besked til sine brugere p\u00e5 denne side. Det anbefales kraftigt at tjekke denne side ofte med henvisning til datoen for den sidste \u00e6ndring, der er angivet nederst. Hvis en bruger g\u00f8r indsigelse mod nogen af \u00e6ndringerne i politikken, skal brugeren oph\u00f8re med at bruge denne applikation og kan anmode om, at den dataansvarlige fjerner de personlige data. Medmindre andet er angivet, g\u00e6lder den til enhver tid g\u00e6ldende privatlivspolitik for alle personoplysninger, som den dataansvarlige har om brugerne.<\/p>\n<h4><strong>Information om denne privatlivspolitik<\/strong><\/h4>\n<p>Den dataansvarlige er ansvarlig for denne privatlivspolitik, der er udarbejdet med udgangspunkt i de moduler, der leveres af Marcelino d.o.o. og hostes p\u00e5 Marcelino d.o.o.-servere.<\/p>\n<h4><strong>Definitioner og juridiske referencer<\/strong><\/h4>\n<p><strong>Personlige data (eller data)<\/strong><\/p>\n<p>Enhver oplysning om en fysisk person, en juridisk person, en institution eller en forening, som er eller kan v\u00e6re identificeret, selv indirekte, ved henvisning til andre oplysninger, herunder et personnummer.<\/p>\n<p><strong>Brugsdata<\/strong><\/p>\n<p>Oplysninger, der indsamles automatisk fra denne applikation (eller tredjepartstjenester, der anvendes i denne applikation), som kan omfatte: IP-adresserne eller dom\u00e6nenavnene p\u00e5 de computere, der anvendes af de brugere, der anvender denne applikation, URI-adresserne (Uniform Resource Identifier), tidspunktet for anmodningen, den metode, der anvendes til at sende anmodningen til serveren, st\u00f8rrelsen af den fil, der modtages som svar, den numeriske kode, der angiver status for serverens svar (vellykket resultat, fejl osv.), oprindelsesland, browserens funktioner og det operativsystem, der anvendes af brugeren, forskellige tidsoplysninger pr. bes\u00f8g (f.eks.), oprindelseslandet, funktionerne i den browser og det operativsystem, som brugeren benytter, de forskellige tidsoplysninger pr. bes\u00f8g (f.eks, den tid, der bruges p\u00e5 hver side i applikationen) og detaljerne om den sti, der f\u00f8lges i applikationen med s\u00e6rlig henvisning til r\u00e6kkef\u00f8lgen af bes\u00f8gte sider, og andre parametre om enhedens operativsystem og\/eller brugerens IT-milj\u00f8.<\/p>\n<p><strong>Bruger<\/strong><\/p>\n<p>Den person, der bruger denne applikation, som skal v\u00e6re sammenfaldende med eller autoriseret af den registrerede, som personoplysningerne refererer til.<\/p>\n<p><strong>Registreret person<\/strong><\/p>\n<p>Den juridiske eller fysiske person, som personoplysningerne henviser til.<\/p>\n<p><strong>Databehandler (eller datatilsynsf\u00f8rende)<\/strong><\/p>\n<p>Den fysiske person, juridiske person, offentlige administration eller ethvert andet organ, forening eller organisation, der er bemyndiget af den dataansvarlige til at behandle personoplysningerne i overensstemmelse med denne privatlivspolitik.<\/p>\n<p><strong>Dataansvarlig (eller ejer)<\/strong><\/p>\n<p>Den fysiske person, juridiske person, offentlige administration eller ethvert andet organ, forening eller organisation med ret til, ogs\u00e5 i f\u00e6llesskab med en anden Dataansvarlig, at tr\u00e6ffe beslutninger vedr\u00f8rende form\u00e5l og metoder til behandling af Personoplysninger og de anvendte midler, herunder sikkerhedsforanstaltninger vedr\u00f8rende drift og brug af denne Applikation. Den dataansvarlige er, medmindre andet er angivet, ejeren af denne applikation.<\/p>\n<p><strong>Denne applikation<\/strong><\/p>\n<p>Det hardware- eller softwarev\u00e6rkt\u00f8j, hvormed brugerens personlige data indsamles.<\/p>\n<hr \/>\n<p><strong>Juridisk information<\/strong><\/p>\n<p>Meddelelse til europ\u00e6iske brugere: Denne fortrolighedserkl\u00e6ring er udarbejdet i overensstemmelse med forpligtelserne i henhold til art. 10 i EF-direktiv nr. 95\/46\/EF, og i henhold til bestemmelserne i direktiv 2002\/58\/EF, som revideret ved direktiv 2009\/136\/EF, om emnet cookies.<\/p>\n<p>Denne privatlivspolitik vedr\u00f8rer udelukkende denne applikation.<\/p>\n<p>Seneste opdatering: 04. maj 2017<\/p>","protected":false},"excerpt":{"rendered":"<p>For at modtage oplysninger om dine personlige data, form\u00e5lene og de parter, som dataene deles med, skal du kontakte ejeren. Dataansvarlig og ejer MARCELINO d.o.o. Kranj\u010deva ulica 4; 3000 Celje; EU-Slovenija WEB: http:\/\/marcelino.si og http:\/\/passengereye.com [...]<\/p>","protected":false},"author":2,"featured_media":0,"parent":0,"menu_order":0,"comment_status":"closed","ping_status":"closed","template":"","meta":[],"_links":{"self":[{"href":"https:\/\/en.passengereye.com\/da\/wp-json\/wp\/v2\/pages\/3450"}],"collection":[{"href":"https:\/\/en.passengereye.com\/da\/wp-json\/wp\/v2\/pages"}],"about":[{"href":"https:\/\/en.passengereye.com\/da\/wp-json\/wp\/v2\/types\/page"}],"author":[{"embeddable":true,"href":"https:\/\/en.passengereye.com\/da\/wp-json\/wp\/v2\/users\/2"}],"replies":[{"embeddable":true,"href":"https:\/\/en.passengereye.com\/da\/wp-json\/wp\/v2\/comments?post=3450"}],"version-history":[{"count":1,"href":"https:\/\/en.passengereye.com\/da\/wp-json\/wp\/v2\/pages\/3450\/revisions"}],"predecessor-version":[{"id":3451,"href":"https:\/\/en.passengereye.com\/da\/wp-json\/wp\/v2\/pages\/3450\/revisions\/3451"}],"wp:attachment":[{"href":"https:\/\/en.passengereye.com\/da\/wp-json\/wp\/v2\/media?parent=3450"}],"curies":[{"name":"wp","href":"https:\/\/api.w.org\/{rel}","templated":true}]}}