{"id":3448,"date":"2018-02-11T14:44:41","date_gmt":"2018-02-11T14:44:41","guid":{"rendered":"https:\/\/en.passengereye.com\/?page_id=3448"},"modified":"2018-02-11T16:05:35","modified_gmt":"2018-02-11T16:05:35","slug":"howtouse","status":"publish","type":"page","link":"https:\/\/en.passengereye.com\/da\/howtouse\/","title":{"rendered":"S\u00e5dan bruger du"},"content":{"rendered":"<h2><strong>Beskrivelse \/ brugsanvisning<\/strong><\/h2>\n<p>PassengerEye er en GRATIS mobilapplikation, der giver brugeren mulighed for at fotorapportere steder. Fotorapporter uploades til portalen https:\/\/en.passengereye.com, hvor du kan se fotorapporterne.<\/p>\n<p>PassengerEye-mobilapplikationen er designet til rejsende s\u00e6lgere, s\u00e6lgere i marken, salgspersonale, arrang\u00f8rer af forskellige events eller andre lignende personer. PassengerEye-mobilappen kan ogs\u00e5 bruges privat.<\/p>\n<p>Brugeren af mobilapplikationen PassengerEye (herefter s\u00e6lger) kan uploade fotorapporter til en eller flere registrerede konti (herefter konto).<\/p>\n<p>S\u00e6lgere\/medarbejdere\/ledere\/vejledere kan bruge mobilapplikationen PassengerEye:<br \/>\n- at registrere start og slut p\u00e5 fotorapportering (brugt tid og banel\u00e6ngde)<br \/>\n- at v\u00e6lge sted, butik, bygning og lignende fra en liste over steder<br \/>\n- for at tilf\u00f8je deres egen placering til listen,<br \/>\n- at fotografere eller oprette et fotogalleri af stedet<br \/>\n- for at tilf\u00f8je en beskrivelse af fotorapporten,<br \/>\n- at foretage en upload af en fotorapport til portalen PassengerEye.com til kontoen.<\/p>\n<p>En juridisk eller fysisk person kan oprette en registreret konto p\u00e5 portalen https:\/\/en.passengereye.com. Hver s\u00e6lger kan have flere registrerede konti eller kan kun producere fotorapporter til andre registrerede konti ved hj\u00e6lp af mobilappen PassengerEye. For at bruge mobilapplikationen kr\u00e6ves der ikke en registreret brugerkonto p\u00e5 portalen, det er kun vigtigt, at s\u00e6lgeren indg\u00e5r en kontrakt med en af de valgte konti (dette kan ogs\u00e5 v\u00e6re en testkonto).<\/p>\n<p>En fotorapport (et eller flere billeder med beskrivelse for det valgte sted) gemmes p\u00e5 portalen https:\/\/en.passengereye.com, i henhold til GPS-position med skrevet tid og en kortlagt sti mellem fotorapporterne.<\/p>\n<h2><strong>Brug af applikationen<\/strong><\/h2>\n<ol>\n<li>N\u00e5r s\u00e6lgeren logger ind p\u00e5 mobilappen PassengerEye, v\u00e6lger han f\u00f8rst en konto, som han har en kontrakt med, og det kr\u00e6ver en internetforbindelse.<\/li>\n<li>N\u00e5r du logger p\u00e5, opretter mobilapplikationen PassengerEye forbindelse til kontraktkontoen p\u00e5 portalen https:\/\/en.passengereye.com og rapporterer tid og sted til den.<\/li>\n<li>S\u00e6lgeren laver og uploader fotorapporter ved hj\u00e6lp af mobilappen PassengerEye.<\/li>\n<li>N\u00e5r fotoreportagen og rejsen er slut, logger s\u00e6lgeren ud af mobilapplikationen og informerer dermed kontraktkontoen om den brugte tid og k\u00f8rselsgodtg\u00f8relsen.<\/li>\n<\/ol>\n<p>Hver konto p\u00e5 portalen https:\/\/en.passengereye.com kan have en eller flere s\u00e6lgere, som har sendt fotorapporter til den. I det registrerede vises kontos fotorapporter, brugte timer og l\u00e6ngden af hele rejsestien i henhold til dage for hver enkelt s\u00e6lger. P\u00e5 portalen https:\/\/en.passengereye.com:<\/p>\n<p>- en rejsende kan f\u00f8lges p\u00e5 kontoen p\u00e5 et kort,<br \/>\n- fotos af lokationer kan tjekkes<br \/>\n- stiens l\u00e6ngde i km og<br \/>\n- tid brugt af hver s\u00e6lger p\u00e5 en given dag.<\/p>\n<p>Hver s\u00e6lger kan bekr\u00e6fte en kontrakt med en eller flere kunder eller virksomheder. Hver konto eller virksomhed kan have flere s\u00e6lgere. Derfor kan hver bruger af mobilapplikationen enten kun uploade fotorapporter til \u00e9n udvalgt konto, eller han kan uploade til flere konti. Afh\u00e6ngigt af antallet af konti, han har en kontrakt med.<\/p>\n<p>En s\u00e6lger, der ikke har en aktiv kontrakt, kan bruge en testkonto eller ogs\u00e5 registrere sin virksomhed p\u00e5 https:\/\/PassengerEye.com og forbinde appen p\u00e5 sin telefon til sin egen konto og uploade fotorapporter til den.<\/p>\n<p>Hvis en bruger ikke \u00f8nsker at registrere en konto p\u00e5 https:\/\/en.passengereye.com, kan han sende PIN-koden eller API-n\u00f8glen til sine mobilapplikationer til e-mailen app@marcelino.si, og han vil modtage en kontrakt med en testkonto. Testkontoen eller testvirksomheden fungerer uden begr\u00e6nsninger.<\/p>\n<p>For at fungere er p\u00e5kr\u00e6vet:<br \/>\n- Internet (til login og logout)<br \/>\n- aktiveret placering p\u00e5 mobiltelefonen (GPS-funktion)<br \/>\n- en forbindelse med en registreret konto eller en testkonto p\u00e5 PassengerEye.com.<\/p>\n<p>Appen er ikke kun til virksomheder, den kan ogs\u00e5 bruges af enkeltpersoner.<\/p>\n<p>Hvad er nyt i version 1.0<br \/>\n- beskrivelse hhv. kommentarer under billedet lavet<br \/>\n- logon til en eller flere virksomheder (dvs. til registrerede brugere p\u00e5 portalen)<br \/>\n- en virksomhed eller registreret konto kan have flere s\u00e6lgere<br \/>\n- m\u00e5ling af arbejdstid<br \/>\n- m\u00e5ling af stiens l\u00e6ngde<br \/>\n- forskellige rapporter p\u00e5 portalen (antal fotoreportager pr. s\u00e6lger og pr. dag osv.).<br \/>\n- tilf\u00f8je en liste over lokationer (import via portal)<br \/>\n- tilf\u00f8jelse af websteder til en ensartet liste i mobilapplikationen PassengerEye.com<\/p>","protected":false},"excerpt":{"rendered":"<p>Beskrivelse \/ Brugsanvisning PassengerEye er en GRATIS mobilapplikation, der giver brugeren mulighed for at fotorapportere steder. Fotorapporter uploades til portalen https:\/\/en.passengereye.com, hvor du kan se fotorapporterne. PassengerEye [...]<\/p>","protected":false},"author":2,"featured_media":0,"parent":0,"menu_order":0,"comment_status":"closed","ping_status":"closed","template":"","meta":[],"_links":{"self":[{"href":"https:\/\/en.passengereye.com\/da\/wp-json\/wp\/v2\/pages\/3448"}],"collection":[{"href":"https:\/\/en.passengereye.com\/da\/wp-json\/wp\/v2\/pages"}],"about":[{"href":"https:\/\/en.passengereye.com\/da\/wp-json\/wp\/v2\/types\/page"}],"author":[{"embeddable":true,"href":"https:\/\/en.passengereye.com\/da\/wp-json\/wp\/v2\/users\/2"}],"replies":[{"embeddable":true,"href":"https:\/\/en.passengereye.com\/da\/wp-json\/wp\/v2\/comments?post=3448"}],"version-history":[{"count":9,"href":"https:\/\/en.passengereye.com\/da\/wp-json\/wp\/v2\/pages\/3448\/revisions"}],"predecessor-version":[{"id":3463,"href":"https:\/\/en.passengereye.com\/da\/wp-json\/wp\/v2\/pages\/3448\/revisions\/3463"}],"wp:attachment":[{"href":"https:\/\/en.passengereye.com\/da\/wp-json\/wp\/v2\/media?parent=3448"}],"curies":[{"name":"wp","href":"https:\/\/api.w.org\/{rel}","templated":true}]}}