{"id":1133,"date":"2013-03-15T18:19:23","date_gmt":"2013-03-15T23:19:23","guid":{"rendered":"http:\/\/wptest.io\/demo\/?page_id=1080"},"modified":"2013-03-15T18:19:23","modified_gmt":"2013-03-15T23:19:23","slug":"page-image-alignment","status":"publish","type":"page","link":"https:\/\/en.passengereye.com\/da\/features\/page-image-alignment\/","title":{"rendered":"Justering af sidebilleder"},"content":{"rendered":"<p>Velkommen til billedjustering! Den bedste m\u00e5de at demonstrere ebbe og flod i de forskellige billedplaceringsmuligheder er at putte dem ind i et hav af ord. Tag en pagaj, og lad os komme i gang.<\/p>\n<p>Med hensyn til justering skal det bem\u00e6rkes, at brugerne kan v\u00e6lge mellem f\u00f8lgende muligheder\u00a0<em>Ingen<\/em>,\u00a0<em>Venstre<\/em>,\u00a0<em>Det er rigtigt, <\/em>og\u00a0<em>Center<\/em>. Derudover f\u00e5r de ogs\u00e5 mulighed for\u00a0<em>Miniaturebillede<\/em>,\u00a0<em>Medium<\/em>,\u00a0<em>Stor<\/em>\u00a0&amp;\u00a0<em>Fuld st\u00f8rrelse<\/em>.<\/p>\n<p style=\"text-align:center;\"><img loading=\"lazy\" class=\"size-full wp-image-906 aligncenter\" title=\"Justering af billede 580x300\" alt=\"Image Alignment 580x300\" src=\"http:\/\/demo.leafcolor.com\/applay\/wp-content\/uploads\/2013\/03\/image-alignment-580x300.jpg\" width=\"580\" height=\"300\" \/><\/p>\n<p>Billedet ovenfor er tilf\u00e6ldigvis\u00a0<em><strong>centreret<\/strong><\/em>.<\/p>\n<p><strong><img loading=\"lazy\" class=\"size-full wp-image-904 alignleft\" title=\"Billedjustering 150x150\" alt=\"Image Alignment 150x150\" src=\"http:\/\/demo.leafcolor.com\/applay\/wp-content\/uploads\/2013\/03\/image-alignment-150x150.jpg\" width=\"150\" height=\"150\" \/><\/strong>Resten af dette afsnit er fyldstof for at se teksten ombrydes omkring 150\u00d7150-billedet, som er <em><strong>venstrejusteret<\/strong><\/em>.\u00a0<strong><\/strong><\/p>\n<p>Som du kan se, skal der v\u00e6re lidt plads over, under og til h\u00f8jre for billedet. Teksten b\u00f8r ikke krybe ind p\u00e5 billedet. Det er bare ikke i orden. Billeder skal ogs\u00e5 have plads til at \u00e5nde. Lad dem tale som dine ord. Lad dem g\u00f8re deres arbejde uden at blive forstyrret af teksten. Om cirka en s\u00e6tning mere ser vi, at teksten bev\u00e6ger sig fra h\u00f8jre side af billedet og ned under billedet i en glidende overgang. Igen lader vi den g\u00f8re sit arbejde. Missionen er fuldf\u00f8rt!<\/p>\n<p>Og nu til en <em><strong>massivt stort billede<\/strong><\/em>. Den har ogs\u00e5 <em><strong>Ingen justering<\/strong><\/em>.<\/p>\n<p><img loading=\"lazy\" class=\"alignnone  wp-image-907\" title=\"Justering af billeder 1200x400\" alt=\"Image Alignment 1200x400\" src=\"http:\/\/demo.leafcolor.com\/applay\/wp-content\/uploads\/2013\/03\/image-alignment-1200x4002.jpg\" width=\"1200\" height=\"400\" \/><\/p>\n<p>Selvom billedet ovenfor er 1200 px bredt, b\u00f8r det ikke overfylde indholdsomr\u00e5det. Det skal forblive indeholdt uden synlig forstyrrelse af indholdsflowet.<\/p>\n<p><img loading=\"lazy\" class=\"size-full wp-image-905 alignright\" title=\"Justering af billede 300x200\" alt=\"Image Alignment 300x200\" src=\"http:\/\/demo.leafcolor.com\/applay\/wp-content\/uploads\/2013\/03\/image-alignment-300x200.jpg\" width=\"300\" height=\"200\" \/><\/p>\n<p>Og nu vil vi flytte fokus over p\u00e5 <em><strong>h\u00f8jrejustering<\/strong><\/em>. Igen skal der v\u00e6re masser af plads over, under og til venstre for billedet. Bare se p\u00e5 ham der... Hey fyr! S\u00e5dan skal h\u00f8jre side rocke. Jeg er ligeglad med, hvad det venstreorienterede billede siger, du ser godt ud. Lad ikke nogen andre fort\u00e6lle dig noget andet.<\/p>\n<p>Om lidt skulle du gerne se, at teksten begynder at komme ind under det h\u00f8jrejusterede billede og l\u00e6gger sig p\u00e6nt til rette. Der skulle stadig v\u00e6re masser af plads, og alt skulle sidde p\u00e6nt. Ja... s\u00e5dan der. Det har aldrig f\u00f8ltes s\u00e5 godt at have ret.<\/p>\n<p>Og lige som du troede, vi var f\u00e6rdige, laver vi dem alle sammen igen med billedtekster!<\/p>\n<div id=\"attachment_906\" style=\"width: 590px\" class=\"wp-caption aligncenter\"><img aria-describedby=\"caption-attachment-906\" loading=\"lazy\" class=\"size-full wp-image-906\" title=\"Justering af billede 580x300\" alt=\"Image Alignment 580x300\" src=\"http:\/\/demo.leafcolor.com\/applay\/wp-content\/uploads\/2013\/03\/image-alignment-580x300.jpg\" width=\"580\" height=\"300\" \/><p id=\"caption-attachment-906\" class=\"wp-caption-text\">Se p\u00e5 580\u00d7300 f\u00e5r nogle <a title=\"Billedindstillinger\" href=\"http:\/\/en.support.wordpress.com\/images\/image-settings\/\">Billedtekst<\/a> k\u00e6rlighed.<\/p><\/div>\n<p>Billedet ovenfor er tilf\u00e6ldigvis\u00a0<em><strong>centreret<\/strong><\/em>. Der er ogs\u00e5 et link i billedteksten, bare for at se, om den g\u00f8r noget m\u00e6rkeligt.<\/p>\n<div id=\"attachment_904\" style=\"width: 160px\" class=\"wp-caption alignleft\"><img aria-describedby=\"caption-attachment-904\" loading=\"lazy\" class=\"size-full wp-image-904\" title=\"Billedjustering 150x150\" alt=\"Image Alignment 150x150\" src=\"http:\/\/demo.leafcolor.com\/applay\/wp-content\/uploads\/2013\/03\/image-alignment-150x150.jpg\" width=\"150\" height=\"150\" \/><p id=\"caption-attachment-904\" class=\"wp-caption-text\">En lillebitte billedtekst.<\/p><\/div>\n<p><strong><\/strong>Resten af dette afsnit er fyldstof for at se teksten ombrydes omkring 150\u00d7150-billedet, som er <em><strong>venstrejusteret<\/strong><\/em>.\u00a0<strong><\/strong><\/p>\n<p>Som du kan se, skal der v\u00e6re lidt plads over, under og til h\u00f8jre for billedet. Teksten b\u00f8r ikke krybe ind p\u00e5 billedet. Det er bare ikke i orden. Billeder skal ogs\u00e5 have plads til at \u00e5nde. Lad dem tale som dine ord. Lad dem g\u00f8re deres arbejde uden at blive forstyrret af teksten. Om cirka en s\u00e6tning mere ser vi, at teksten bev\u00e6ger sig fra h\u00f8jre side af billedet og ned under billedet i en glidende overgang. Igen lader vi den g\u00f8re sit arbejde. Missionen er fuldf\u00f8rt!<\/p>\n<p>Og nu til en <em><strong>massivt stort billede<\/strong><\/em>. Den har ogs\u00e5 <em><strong>Ingen justering<\/strong><\/em>.<\/p>\n<div id=\"attachment_907\" style=\"width: 1210px\" class=\"wp-caption alignnone\"><img aria-describedby=\"caption-attachment-907\" loading=\"lazy\" class=\"wp-image-907\" title=\"Justering af billeder 1200x400\" alt=\"Image Alignment 1200x400\" src=\"http:\/\/demo.leafcolor.com\/applay\/wp-content\/uploads\/2013\/03\/image-alignment-1200x4002.jpg\" width=\"1200\" height=\"400\" \/><p id=\"caption-attachment-907\" class=\"wp-caption-text\">Massiv billedkommentar til dine \u00f8jen\u00e6bler.<\/p><\/div>\n<p>Selvom billedet ovenfor er 1200 px bredt, b\u00f8r det ikke overfylde indholdsomr\u00e5det. Det skal forblive indeholdt uden synlig forstyrrelse af indholdsflowet.<\/p>\n<div id=\"attachment_905\" style=\"width: 310px\" class=\"wp-caption alignright\"><img aria-describedby=\"caption-attachment-905\" loading=\"lazy\" class=\"size-full wp-image-905\" title=\"Justering af billede 300x200\" alt=\"Image Alignment 300x200\" src=\"http:\/\/demo.leafcolor.com\/applay\/wp-content\/uploads\/2013\/03\/image-alignment-300x200.jpg\" width=\"300\" height=\"200\" \/><p id=\"caption-attachment-905\" class=\"wp-caption-text\">Det f\u00f8les godt at have ret hele tiden.<\/p><\/div>\n<p>Og nu vil vi flytte fokus over p\u00e5 <em><strong>h\u00f8jrejustering<\/strong><\/em>. Igen skal der v\u00e6re masser af plads over, under og til venstre for billedet. Bare se p\u00e5 ham der... Hey fyr! S\u00e5dan skal h\u00f8jre side rocke. Jeg er ligeglad med, hvad det venstreorienterede billede siger, du ser godt ud. Lad ikke nogen andre fort\u00e6lle dig noget andet.<\/p>\n<p>Om lidt skulle du gerne se, at teksten begynder at komme ind under det h\u00f8jrejusterede billede og l\u00e6gger sig p\u00e6nt til rette. Der skulle stadig v\u00e6re masser af plads, og alt skulle sidde p\u00e6nt. Ja... s\u00e5dan der. Det har aldrig f\u00f8ltes s\u00e5 godt at have ret.<\/p>\n<p>Og s\u00e5 er vi f\u00e6rdige, yo! Du har overlevet justeringens tumultariske farvande. Pr\u00e6stationen for billedjustering er l\u00e5st op!<\/p>","protected":false},"excerpt":{"rendered":"<p>Welcome to image alignment! The best way to demonstrate the ebb and flow of the various image positioning options is to nestle them snuggly among an ocean of words. Grab a paddle and let&#8217;s get [&hellip;]<\/p>","protected":false},"author":1,"featured_media":0,"parent":12,"menu_order":0,"comment_status":"open","ping_status":"closed","template":"","meta":[],"_links":{"self":[{"href":"https:\/\/en.passengereye.com\/da\/wp-json\/wp\/v2\/pages\/1133"}],"collection":[{"href":"https:\/\/en.passengereye.com\/da\/wp-json\/wp\/v2\/pages"}],"about":[{"href":"https:\/\/en.passengereye.com\/da\/wp-json\/wp\/v2\/types\/page"}],"author":[{"embeddable":true,"href":"https:\/\/en.passengereye.com\/da\/wp-json\/wp\/v2\/users\/1"}],"replies":[{"embeddable":true,"href":"https:\/\/en.passengereye.com\/da\/wp-json\/wp\/v2\/comments?post=1133"}],"version-history":[{"count":0,"href":"https:\/\/en.passengereye.com\/da\/wp-json\/wp\/v2\/pages\/1133\/revisions"}],"up":[{"embeddable":true,"href":"https:\/\/en.passengereye.com\/da\/wp-json\/wp\/v2\/pages\/12"}],"wp:attachment":[{"href":"https:\/\/en.passengereye.com\/da\/wp-json\/wp\/v2\/media?parent=1133"}],"curies":[{"name":"wp","href":"https:\/\/api.w.org\/{rel}","templated":true}]}}