{"id":501,"date":"2010-08-01T09:42:26","date_gmt":"2010-08-01T16:42:26","guid":{"rendered":"http:\/\/wpthemetestdata.wordpress.com\/"},"modified":"2010-08-01T09:42:26","modified_gmt":"2010-08-01T16:42:26","slug":"clearing-floats","status":"publish","type":"page","link":"https:\/\/en.passengereye.com\/cs\/features\/clearing-floats\/","title":{"rendered":"Odstra\u0148ov\u00e1n\u00ed plov\u00e1k\u016f"},"content":{"rendered":"<p>Posledn\u00ed polo\u017ekou obsahu t\u00e9to str\u00e1nky je plovouc\u00ed obr\u00e1zek. Ujist\u011bte se, \u017ee v\u0161echny prvky za n\u00edm jsou spr\u00e1vn\u011b vymaz\u00e1ny.<\/p>\n<p><img loading=\"lazy\" class=\"alignleft size-thumbnail wp-image-827\" title=\"Fotoapar\u00e1t\" src=\"http:\/\/demo.leafcolor.com\/applay\/wp-content\/uploads\/2012\/07\/manhattansummer.jpg?w=150\" alt=\"\" width=\"150\" height=\"112\" \/><\/p>","protected":false},"excerpt":{"rendered":"<p>Posledn\u00ed polo\u017ekou obsahu t\u00e9to str\u00e1nky je plovouc\u00ed obr\u00e1zek. Ujist\u011bte se, \u017ee v\u0161echny prvky za n\u00edm jsou spr\u00e1vn\u011b vymaz\u00e1ny.<\/p>","protected":false},"author":1,"featured_media":0,"parent":12,"menu_order":2,"comment_status":"closed","ping_status":"closed","template":"","meta":[],"_links":{"self":[{"href":"https:\/\/en.passengereye.com\/cs\/wp-json\/wp\/v2\/pages\/501"}],"collection":[{"href":"https:\/\/en.passengereye.com\/cs\/wp-json\/wp\/v2\/pages"}],"about":[{"href":"https:\/\/en.passengereye.com\/cs\/wp-json\/wp\/v2\/types\/page"}],"author":[{"embeddable":true,"href":"https:\/\/en.passengereye.com\/cs\/wp-json\/wp\/v2\/users\/1"}],"replies":[{"embeddable":true,"href":"https:\/\/en.passengereye.com\/cs\/wp-json\/wp\/v2\/comments?post=501"}],"version-history":[{"count":0,"href":"https:\/\/en.passengereye.com\/cs\/wp-json\/wp\/v2\/pages\/501\/revisions"}],"up":[{"embeddable":true,"href":"https:\/\/en.passengereye.com\/cs\/wp-json\/wp\/v2\/pages\/12"}],"wp:attachment":[{"href":"https:\/\/en.passengereye.com\/cs\/wp-json\/wp\/v2\/media?parent=501"}],"curies":[{"name":"wp","href":"https:\/\/api.w.org\/{rel}","templated":true}]}}