{"id":3450,"date":"2018-02-11T14:46:27","date_gmt":"2018-02-11T14:46:27","guid":{"rendered":"https:\/\/en.passengereye.com\/?page_id=3450"},"modified":"2018-02-11T14:46:27","modified_gmt":"2018-02-11T14:46:27","slug":"list","status":"publish","type":"page","link":"https:\/\/en.passengereye.com\/cs\/list\/","title":{"rendered":"Seznam"},"content":{"rendered":"<p>Chcete-li z\u00edskat informace o sv\u00fdch osobn\u00edch \u00fadaj\u00edch, \u00fa\u010delech a stran\u00e1ch, kter\u00fdm jsou \u00fadaje sd\u00edleny, kontaktujte vlastn\u00edka.<\/p>\n<h3><strong>Spr\u00e1vce a vlastn\u00edk \u00fadaj\u016f<\/strong><\/h3>\n<p>MARCELINO d.o.o. Kranj\u010deva ulica 4; 3000 Celje; EU-Slovinija<\/p>\n<p>WEB:\u00a0<a href=\"http:\/\/marcelino.si\/\">http:\/\/marcelino.si<\/a>\u00a0a\u00a0<a href=\"http:\/\/passengereye.com\/\">http:\/\/passengereye.com<\/a><\/p>\n<p>Tel:+386 (0) 59 182 800, +386 (0) 59 251 431<\/p>\n<p>GSM:+386 (0) 31 324 100; +386 (0) 70 602 000<\/p>\n<p>E-mail:info@marcelino.si<\/p>\n<p>\u010c\u00edslo DPH: SI76044157<\/p>\n<p>Registra\u010dn\u00ed \u010d\u00edslo: 2276038000<\/p>\n<p>Spole\u010dnost je zaps\u00e1na v obchodn\u00edm rejst\u0159\u00edku u Okresn\u00edho soudu v Celje.<\/p>\n<h4><strong>Typy shrom\u00e1\u017ed\u011bn\u00fdch \u00fadaj\u016f<\/strong><\/h4>\n<p>Vlastn\u00edk neposkytuje seznam shroma\u017e\u010fovan\u00fdch typ\u016f osobn\u00edch \u00fadaj\u016f.<\/p>\n<p>Dal\u0161\u00ed shrom\u00e1\u017ed\u011bn\u00e9 osobn\u00ed \u00fadaje mohou b\u00fdt pops\u00e1ny v jin\u00fdch \u010d\u00e1stech t\u011bchto z\u00e1sad ochrany osobn\u00edch \u00fadaj\u016f nebo ve zvl\u00e1\u0161tn\u00edm vysv\u011btluj\u00edc\u00edm textu v souvislosti se shroma\u017e\u010fov\u00e1n\u00edm \u00fadaj\u016f.<br \/>\nOsobn\u00ed \u00fadaje m\u016f\u017ee u\u017eivatel poskytnout dobrovoln\u011b nebo je m\u016f\u017ee shroma\u017e\u010fovat automaticky p\u0159i pou\u017e\u00edv\u00e1n\u00ed t\u00e9to aplikace.<br \/>\nJak\u00e9koli pou\u017eit\u00ed soubor\u016f cookie - nebo jin\u00fdch sledovac\u00edch n\u00e1stroj\u016f - touto aplikac\u00ed nebo vlastn\u00edky slu\u017eeb t\u0159et\u00edch stran, kter\u00e9 tato aplikace vyu\u017e\u00edv\u00e1, pokud nen\u00ed uvedeno jinak, slou\u017e\u00ed k identifikaci u\u017eivatel\u016f a zapamatov\u00e1n\u00ed jejich preferenc\u00ed, a to v\u00fdhradn\u011b za \u00fa\u010delem poskytnut\u00ed slu\u017eby po\u017eadovan\u00e9 u\u017eivatelem.<br \/>\nNeposkytnut\u00ed n\u011bkter\u00fdch osobn\u00edch \u00fadaj\u016f m\u016f\u017ee znemo\u017enit poskytov\u00e1n\u00ed slu\u017eeb t\u00e9to aplikace.<\/p>\n<p>U\u017eivatel\u00e9 jsou odpov\u011bdn\u00ed za ve\u0161ker\u00e9 osobn\u00ed \u00fadaje t\u0159et\u00edch stran z\u00edskan\u00e9, zve\u0159ejn\u011bn\u00e9 nebo sd\u00edlen\u00e9 prost\u0159ednictv\u00edm t\u00e9to aplikace a potvrzuj\u00ed, \u017ee maj\u00ed souhlas t\u0159et\u00ed strany s poskytnut\u00edm \u00fadaj\u016f Vlastn\u00edkovi.<\/p>\n<h3><strong>Zp\u016fsob a m\u00edsto zpracov\u00e1n\u00ed \u00fadaj\u016f<\/strong><\/h3>\n<h4><strong>Zp\u016fsoby zpracov\u00e1n\u00ed<\/strong><\/h4>\n<p>Spr\u00e1vce \u00fadaj\u016f zpracov\u00e1v\u00e1 \u00fadaje u\u017eivatel\u016f \u0159\u00e1dn\u00fdm zp\u016fsobem a p\u0159ij\u00edm\u00e1 vhodn\u00e1 bezpe\u010dnostn\u00ed opat\u0159en\u00ed, aby zabr\u00e1nil neopr\u00e1vn\u011bn\u00e9mu p\u0159\u00edstupu k \u00fadaj\u016fm, jejich zve\u0159ejn\u011bn\u00ed, \u00faprav\u011b nebo neopr\u00e1vn\u011bn\u00e9mu zni\u010den\u00ed.<br \/>\nZpracov\u00e1n\u00ed \u00fadaj\u016f se prov\u00e1d\u00ed pomoc\u00ed po\u010d\u00edta\u010d\u016f a\/nebo n\u00e1stroj\u016f IT, a to podle organiza\u010dn\u00edch postup\u016f a zp\u016fsob\u016f p\u0159\u00edsn\u011b souvisej\u00edc\u00edch s uveden\u00fdmi \u00fa\u010dely. Krom\u011b Spr\u00e1vce \u00fadaj\u016f mohou b\u00fdt v n\u011bkter\u00fdch p\u0159\u00edpadech \u00fadaje p\u0159\u00edstupn\u00e9 ur\u010dit\u00fdm typ\u016fm odpov\u011bdn\u00fdch osob, kter\u00e9 se pod\u00edlej\u00ed na provozu str\u00e1nek (administrativa, prodej, marketing, pr\u00e1vn\u00ed odd\u011blen\u00ed, spr\u00e1va syst\u00e9mu) nebo extern\u00edm stran\u00e1m (jako jsou poskytovatel\u00e9 technick\u00fdch slu\u017eeb t\u0159et\u00edch stran, po\u0161tovn\u00ed doru\u010dovatel\u00e9, poskytovatel\u00e9 hostingu, IT spole\u010dnosti, komunika\u010dn\u00ed agentury), kter\u00e9 jsou v p\u0159\u00edpad\u011b pot\u0159eby jmenov\u00e1ny Vlastn\u00edkem jako Zpracovatel\u00e9 \u00fadaj\u016f. Aktualizovan\u00fd seznam t\u011bchto stran si lze kdykoli vy\u017e\u00e1dat od Spr\u00e1vce \u00fadaj\u016f.<\/p>\n<h4><strong>M\u00edsto<\/strong><\/h4>\n<p>\u00dadaje jsou zpracov\u00e1v\u00e1ny v provozn\u00edch kancel\u00e1\u0159\u00edch spr\u00e1vce \u00fadaj\u016f a na dal\u0161\u00edch m\u00edstech, kde se nach\u00e1zej\u00ed strany zapojen\u00e9 do zpracov\u00e1n\u00ed. Pro dal\u0161\u00ed informace se obra\u0165te na Spr\u00e1vce \u00fadaj\u016f.<\/p>\n<h4><strong>Doba uchov\u00e1v\u00e1n\u00ed<\/strong><\/h4>\n<p>\u00dadaje jsou uchov\u00e1v\u00e1ny po dobu nezbytnou k poskytnut\u00ed slu\u017eby po\u017eadovan\u00e9 u\u017eivatelem nebo stanoven\u00e9 \u00fa\u010dely uveden\u00fdmi v tomto dokumentu a u\u017eivatel m\u016f\u017ee v\u017edy po\u017e\u00e1dat spr\u00e1vce \u00fadaj\u016f o pozastaven\u00ed nebo odstran\u011bn\u00ed \u00fadaj\u016f.<\/p>\n<h3><strong>Dal\u0161\u00ed informace o shroma\u017e\u010fov\u00e1n\u00ed a zpracov\u00e1n\u00ed \u00fadaj\u016f<\/strong><\/h3>\n<h4><strong>Pr\u00e1vn\u00ed kroky<\/strong><\/h4>\n<p>Osobn\u00ed \u00fadaje u\u017eivatele mohou b\u00fdt spr\u00e1vcem \u00fadaj\u016f pou\u017eity pro pr\u00e1vn\u00ed \u00fa\u010dely, u soudu nebo ve f\u00e1z\u00edch vedouc\u00edch k p\u0159\u00edpadn\u00e9mu soudn\u00edmu \u0159\u00edzen\u00ed vypl\u00fdvaj\u00edc\u00edmu z nespr\u00e1vn\u00e9ho pou\u017e\u00edv\u00e1n\u00ed t\u00e9to aplikace nebo souvisej\u00edc\u00edch slu\u017eeb.<br \/>\nU\u017eivatel prohla\u0161uje, \u017ee si je v\u011bdom toho, \u017ee spr\u00e1vce \u00fadaj\u016f m\u016f\u017ee b\u00fdt na \u017e\u00e1dost org\u00e1n\u016f ve\u0159ejn\u00e9 moci po\u017e\u00e1d\u00e1n o sd\u011blen\u00ed osobn\u00edch \u00fadaj\u016f.<\/p>\n<h4><strong>Dal\u0161\u00ed informace o osobn\u00edch \u00fadaj\u00edch u\u017eivatele<\/strong><\/h4>\n<p>Krom\u011b informac\u00ed obsa\u017een\u00fdch v t\u011bchto z\u00e1sad\u00e1ch ochrany osobn\u00edch \u00fadaj\u016f m\u016f\u017ee tato aplikace na po\u017e\u00e1d\u00e1n\u00ed poskytnout u\u017eivateli dal\u0161\u00ed a kontextov\u00e9 informace t\u00fdkaj\u00edc\u00ed se konkr\u00e9tn\u00edch slu\u017eeb nebo shroma\u017e\u010fov\u00e1n\u00ed a zpracov\u00e1n\u00ed osobn\u00edch \u00fadaj\u016f.<\/p>\n<h4><strong>Syst\u00e9mov\u00e9 protokoly a \u00fadr\u017eba<\/strong><\/h4>\n<p>Pro \u00fa\u010dely provozu a \u00fadr\u017eby mohou tato aplikace a slu\u017eby t\u0159et\u00edch stran shroma\u017e\u010fovat soubory, kter\u00e9 zaznamen\u00e1vaj\u00ed interakci s touto aplikac\u00ed (syst\u00e9mov\u00e9 protokoly), nebo k tomuto \u00fa\u010delu pou\u017e\u00edvat jin\u00e9 osobn\u00ed \u00fadaje (nap\u0159\u00edklad IP adresu).<\/p>\n<h4><strong>Informace, kter\u00e9 nejsou obsa\u017eeny v t\u011bchto z\u00e1sad\u00e1ch<\/strong><\/h4>\n<p>Dal\u0161\u00ed podrobnosti t\u00fdkaj\u00edc\u00ed se shroma\u017e\u010fov\u00e1n\u00ed nebo zpracov\u00e1n\u00ed osobn\u00edch \u00fadaj\u016f si m\u016f\u017eete kdykoli vy\u017e\u00e1dat od spr\u00e1vce \u00fadaj\u016f. Viz kontaktn\u00ed \u00fadaje na za\u010d\u00e1tku tohoto dokumentu.<\/p>\n<h4><strong>Pr\u00e1va u\u017eivatel\u016f<\/strong><\/h4>\n<p>U\u017eivatel\u00e9 maj\u00ed pr\u00e1vo kdykoli zjistit, zda byly jejich osobn\u00ed \u00fadaje ulo\u017eeny, a mohou se obr\u00e1tit na spr\u00e1vce \u00fadaj\u016f, aby se dozv\u011bd\u011bli o jejich obsahu a p\u016fvodu, aby si ov\u011b\u0159ili jejich p\u0159esnost nebo po\u017e\u00e1dali o jejich dopln\u011bn\u00ed, zru\u0161en\u00ed, aktualizaci nebo opravu, p\u0159\u00edpadn\u011b o jejich p\u0159eveden\u00ed do anonymn\u00edho form\u00e1tu nebo o zablokov\u00e1n\u00ed jak\u00fdchkoli \u00fadaj\u016f uchov\u00e1van\u00fdch v rozporu se z\u00e1konem, jako\u017e i o vyj\u00e1d\u0159en\u00ed nesouhlasu s jejich zpracov\u00e1n\u00edm z jak\u00fdchkoli opr\u00e1vn\u011bn\u00fdch d\u016fvod\u016f. \u017d\u00e1dosti je t\u0159eba zas\u00edlat spr\u00e1vci \u00fadaj\u016f na v\u00fd\u0161e uveden\u00e9 kontaktn\u00ed \u00fadaje.<\/p>\n<p>Tato aplikace nepodporuje po\u017eadavky \"Nesledovat\".<br \/>\nChcete-li zjistit, zda n\u011bkter\u00e1 ze slu\u017eeb t\u0159et\u00edch stran, kter\u00e9 pou\u017e\u00edv\u00e1, spl\u0148uje po\u017eadavky na \"nesledov\u00e1n\u00ed\", p\u0159e\u010dt\u011bte si jejich z\u00e1sady ochrany osobn\u00edch \u00fadaj\u016f.<\/p>\n<h4><strong>Zm\u011bny t\u011bchto z\u00e1sad ochrany osobn\u00edch \u00fadaj\u016f<\/strong><\/h4>\n<p>Spr\u00e1vce \u00fadaj\u016f si vyhrazuje pr\u00e1vo kdykoli prov\u00e9st zm\u011bny t\u011bchto z\u00e1sad ochrany osobn\u00edch \u00fadaj\u016f ozn\u00e1men\u00edm u\u017eivatel\u016fm na t\u00e9to str\u00e1nce. D\u016frazn\u011b doporu\u010dujeme tuto str\u00e1nku \u010dasto kontrolovat s odkazem na datum posledn\u00ed zm\u011bny uveden\u00e9 v doln\u00ed \u010d\u00e1sti. Pokud U\u017eivatel vznese n\u00e1mitky proti n\u011bkter\u00e9 ze zm\u011bn Z\u00e1sad, mus\u00ed p\u0159estat pou\u017e\u00edvat tuto Aplikaci a m\u016f\u017ee po\u017e\u00e1dat Spr\u00e1vce \u00fadaj\u016f o odstran\u011bn\u00ed osobn\u00edch \u00fadaj\u016f. Pokud nen\u00ed uvedeno jinak, vztahuj\u00ed se na v\u0161echny Osobn\u00ed \u00fadaje, kter\u00e9 Spr\u00e1vce \u00fadaj\u016f o U\u017eivatel\u00edch m\u00e1, aktu\u00e1ln\u011b platn\u00e9 Z\u00e1sady ochrany osobn\u00edch \u00fadaj\u016f.<\/p>\n<h4><strong>Informace o t\u011bchto z\u00e1sad\u00e1ch ochrany osobn\u00edch \u00fadaj\u016f<\/strong><\/h4>\n<p>Spr\u00e1vce \u00fadaj\u016f je odpov\u011bdn\u00fd za tyto z\u00e1sady ochrany osobn\u00edch \u00fadaj\u016f, kter\u00e9 byly p\u0159ipraveny na z\u00e1klad\u011b modul\u016f poskytnut\u00fdch spole\u010dnost\u00ed Marcelino d.o.o. a um\u00edst\u011bn\u00fdch na serverech spole\u010dnosti Marcelino d.o.o..<\/p>\n<h4><strong>Definice a pr\u00e1vn\u00ed odkazy<\/strong><\/h4>\n<p><strong>Osobn\u00ed \u00fadaje (nebo \u00fadaje)<\/strong><\/p>\n<p>Ve\u0161ker\u00e9 informace o fyzick\u00e9 osob\u011b, pr\u00e1vnick\u00e9 osob\u011b, instituci nebo sdru\u017een\u00ed, kter\u00e9 jsou nebo mohou b\u00fdt identifikov\u00e1ny, a to i nep\u0159\u00edmo, odkazem na jin\u00e9 informace, v\u010detn\u011b osobn\u00edho identifika\u010dn\u00edho \u010d\u00edsla.<\/p>\n<p><strong>\u00dadaje o pou\u017e\u00edv\u00e1n\u00ed<\/strong><\/p>\n<p>Informace automaticky shroma\u017e\u010fovan\u00e9 z t\u00e9to aplikace (nebo slu\u017eeb t\u0159et\u00edch stran vyu\u017e\u00edvan\u00fdch v t\u00e9to aplikaci), kter\u00e9 mohou zahrnovat: IP adresy nebo n\u00e1zvy dom\u00e9n po\u010d\u00edta\u010d\u016f pou\u017e\u00edvan\u00fdch u\u017eivateli, kte\u0159\u00ed pou\u017e\u00edvaj\u00ed tuto aplikaci, adresy URI (Uniform Resource Identifier), \u010das po\u017eadavku, zp\u016fsob odesl\u00e1n\u00ed po\u017eadavku na server, velikost souboru p\u0159ijat\u00e9ho v odpov\u011bdi, \u010d\u00edseln\u00fd k\u00f3d ozna\u010duj\u00edc\u00ed stav odpov\u011bdi serveru (\u00fasp\u011b\u0161n\u00fd v\u00fdsledek, chyba atd.).), zemi p\u016fvodu, vlastnosti prohl\u00ed\u017ee\u010de a opera\u010dn\u00edho syst\u00e9mu pou\u017e\u00edvan\u00e9ho u\u017eivatelem, r\u016fzn\u00e9 \u010dasov\u00e9 \u00fadaje o n\u00e1v\u0161t\u011bv\u011b (nap\u0159, \u010das str\u00e1ven\u00fd na ka\u017ed\u00e9 str\u00e1nce v r\u00e1mci Aplikace) a podrobnosti o cest\u011b, kterou u\u017eivatel v r\u00e1mci Aplikace pro\u0161el, se zvl\u00e1\u0161tn\u00edm odkazem na po\u0159ad\u00ed nav\u0161t\u00edven\u00fdch str\u00e1nek, a dal\u0161\u00ed parametry opera\u010dn\u00edho syst\u00e9mu za\u0159\u00edzen\u00ed a\/nebo IT prost\u0159ed\u00ed u\u017eivatele.<\/p>\n<p><strong>U\u017eivatel<\/strong><\/p>\n<p>Fyzick\u00e1 osoba pou\u017e\u00edvaj\u00edc\u00ed tuto aplikaci, kter\u00e1 se mus\u00ed shodovat se subjektem \u00fadaj\u016f, jeho\u017e se osobn\u00ed \u00fadaje t\u00fdkaj\u00ed, nebo j\u00edm b\u00fdt zmocn\u011bna.<\/p>\n<p><strong>Subjekt \u00fadaj\u016f<\/strong><\/p>\n<p>Pr\u00e1vnick\u00e1 nebo fyzick\u00e1 osoba, kter\u00e9 se osobn\u00ed \u00fadaje t\u00fdkaj\u00ed.<\/p>\n<p><strong>Zpracovatel \u00fadaj\u016f (nebo spr\u00e1vce \u00fadaj\u016f)<\/strong><\/p>\n<p>Fyzick\u00e1 osoba, pr\u00e1vnick\u00e1 osoba, ve\u0159ejn\u00e1 spr\u00e1va nebo jak\u00fdkoli jin\u00fd org\u00e1n, sdru\u017een\u00ed nebo organizace, kter\u00e9 spr\u00e1vce pov\u011b\u0159il zpracov\u00e1n\u00edm osobn\u00edch \u00fadaj\u016f v souladu s t\u011bmito z\u00e1sadami ochrany osobn\u00edch \u00fadaj\u016f.<\/p>\n<p><strong>Spr\u00e1vce \u00fadaj\u016f (nebo vlastn\u00edk)<\/strong><\/p>\n<p>Fyzick\u00e1 osoba, pr\u00e1vnick\u00e1 osoba, ve\u0159ejn\u00e1 spr\u00e1va nebo jak\u00fdkoli jin\u00fd org\u00e1n, sdru\u017een\u00ed nebo organizace s pr\u00e1vem, a to i spole\u010dn\u011b s jin\u00fdm spr\u00e1vcem \u00fadaj\u016f, rozhodovat o \u00fa\u010delech a zp\u016fsobech zpracov\u00e1n\u00ed osobn\u00edch \u00fadaj\u016f a pou\u017eit\u00fdch prost\u0159edc\u00edch, v\u010detn\u011b bezpe\u010dnostn\u00edch opat\u0159en\u00ed t\u00fdkaj\u00edc\u00edch se provozu a pou\u017e\u00edv\u00e1n\u00ed t\u00e9to aplikace. Spr\u00e1vcem \u00fadaj\u016f, nen\u00ed-li uvedeno jinak, je Vlastn\u00edk t\u00e9to Aplikace.<\/p>\n<p><strong>Tato aplikace<\/strong><\/p>\n<p>Hardwarov\u00fd nebo softwarov\u00fd n\u00e1stroj, pomoc\u00ed kter\u00e9ho jsou osobn\u00ed \u00fadaje u\u017eivatele shroma\u017e\u010fov\u00e1ny.<\/p>\n<hr \/>\n<p><strong>Pr\u00e1vn\u00ed informace<\/strong><\/p>\n<p>Upozorn\u011bn\u00ed pro evropsk\u00e9 u\u017eivatele: Toto prohl\u00e1\u0161en\u00ed o ochran\u011b osobn\u00edch \u00fadaj\u016f bylo p\u0159ipraveno v r\u00e1mci pln\u011bn\u00ed povinnost\u00ed podle \u010dl. 10 sm\u011brnice ES \u010d. 95\/46\/ES a podle ustanoven\u00ed sm\u011brnice 2002\/58\/ES, ve zn\u011bn\u00ed sm\u011brnice 2009\/136\/ES, o souborech cookie.<\/p>\n<p>Tyto z\u00e1sady ochrany osobn\u00edch \u00fadaj\u016f se vztahuj\u00ed v\u00fdhradn\u011b na tuto aplikaci.<\/p>\n<p>Posledn\u00ed aktualizace: 04. kv\u011btna 2017<\/p>","protected":false},"excerpt":{"rendered":"<p>Chcete-li z\u00edskat informace o sv\u00fdch osobn\u00edch \u00fadaj\u00edch, \u00fa\u010delech a stran\u00e1ch, kter\u00fdm jsou \u00fadaje sd\u00edleny, kontaktujte vlastn\u00edka. Spr\u00e1vce a vlastn\u00edk \u00fadaj\u016f MARCELINO d.o.o. Kranj\u010deva ulica 4; 3000 Celje; EU-Slovenija WEB: http:\/\/marcelino.si a http:\/\/passengereye.com [...]<\/p>","protected":false},"author":2,"featured_media":0,"parent":0,"menu_order":0,"comment_status":"closed","ping_status":"closed","template":"","meta":[],"_links":{"self":[{"href":"https:\/\/en.passengereye.com\/cs\/wp-json\/wp\/v2\/pages\/3450"}],"collection":[{"href":"https:\/\/en.passengereye.com\/cs\/wp-json\/wp\/v2\/pages"}],"about":[{"href":"https:\/\/en.passengereye.com\/cs\/wp-json\/wp\/v2\/types\/page"}],"author":[{"embeddable":true,"href":"https:\/\/en.passengereye.com\/cs\/wp-json\/wp\/v2\/users\/2"}],"replies":[{"embeddable":true,"href":"https:\/\/en.passengereye.com\/cs\/wp-json\/wp\/v2\/comments?post=3450"}],"version-history":[{"count":1,"href":"https:\/\/en.passengereye.com\/cs\/wp-json\/wp\/v2\/pages\/3450\/revisions"}],"predecessor-version":[{"id":3451,"href":"https:\/\/en.passengereye.com\/cs\/wp-json\/wp\/v2\/pages\/3450\/revisions\/3451"}],"wp:attachment":[{"href":"https:\/\/en.passengereye.com\/cs\/wp-json\/wp\/v2\/media?parent=3450"}],"curies":[{"name":"wp","href":"https:\/\/api.w.org\/{rel}","templated":true}]}}