{"id":3448,"date":"2018-02-11T14:44:41","date_gmt":"2018-02-11T14:44:41","guid":{"rendered":"https:\/\/en.passengereye.com\/?page_id=3448"},"modified":"2018-02-11T16:05:35","modified_gmt":"2018-02-11T16:05:35","slug":"howtouse","status":"publish","type":"page","link":"https:\/\/en.passengereye.com\/cs\/howtouse\/","title":{"rendered":"Jak pou\u017e\u00edvat"},"content":{"rendered":"<h2><strong>Popis \/ n\u00e1vod k pou\u017eit\u00ed<\/strong><\/h2>\n<p>PassengerEye je BEZPLATN\u00c1 mobiln\u00ed aplikace, kter\u00e1 u\u017eivateli umo\u017e\u0148uje fotodokumentaci m\u00edst. Fotoreport\u00e1\u017ee se nahr\u00e1vaj\u00ed na port\u00e1l https:\/\/en.passengereye.com, kde si je m\u016f\u017eete prohl\u00e9dnout.<\/p>\n<p>Mobiln\u00ed aplikace PassengerEye je ur\u010dena pro cestuj\u00edc\u00ed prodejce, prodejce v ter\u00e9nu, prodejce, po\u0159adatele r\u016fzn\u00fdch akc\u00ed nebo jin\u00e9 podobn\u00e9 osoby. Mobiln\u00ed aplikaci PassengerEye lze pou\u017e\u00edvat i soukrom\u011b.<\/p>\n<p>U\u017eivatel mobiln\u00ed aplikace PassengerEye (d\u00e1le jen prodejce) m\u016f\u017ee nahr\u00e1vat fotoreport\u00e1\u017ee na jeden nebo v\u00edce registrovan\u00fdch \u00fa\u010dt\u016f (d\u00e1le jen \u00fa\u010det).<\/p>\n<p>Prodejci \/ zam\u011bstnanci \/ mana\u017ee\u0159i \/ vedouc\u00ed pracovn\u00edci mohou pou\u017e\u00edvat mobiln\u00ed aplikaci PassengerEye:<br \/>\n- zaznamenat za\u010d\u00e1tek a konec fotografick\u00e9ho hl\u00e1\u0161en\u00ed (pou\u017eit\u00fd \u010das a d\u00e9lka cesty).<br \/>\n- vybrat m\u00edsto, obchod, budovu a podobn\u011b ze seznamu m\u00edst.<br \/>\n- p\u0159idat do seznamu sv\u00e9 vlastn\u00ed um\u00edst\u011bn\u00ed,<br \/>\n- vyfotografovat nebo vytvo\u0159it fotogalerii m\u00edsta.<br \/>\n- p\u0159idat popis fotoreport\u00e1\u017ee,<br \/>\n- nahr\u00e1t fotoreport\u00e1\u017e na port\u00e1l PassengerEye.com k \u00fa\u010dtu.<\/p>\n<p>Pr\u00e1vnick\u00e1 nebo fyzick\u00e1 osoba si m\u016f\u017ee zalo\u017eit registrovan\u00fd \u00fa\u010det na port\u00e1lu https:\/\/en.passengereye.com. Ka\u017ed\u00fd prodejce m\u016f\u017ee m\u00edt v\u00edce registrovan\u00fdch \u00fa\u010dt\u016f nebo m\u016f\u017ee pomoc\u00ed mobiln\u00ed aplikace PassengerEye vytv\u00e1\u0159et pouze fotoreport\u00e1\u017ee pro ostatn\u00ed registrovan\u00e9 \u00fa\u010dty. Pro pou\u017e\u00edv\u00e1n\u00ed mobiln\u00ed aplikace nen\u00ed nutn\u00fd registrovan\u00fd u\u017eivatelsk\u00fd \u00fa\u010det na port\u00e1lu, d\u016fle\u017eit\u00e9 je pouze to, aby prodejce uzav\u0159el smlouvu s jedn\u00edm z vybran\u00fdch \u00fa\u010dt\u016f (m\u016f\u017ee se jednat i o zku\u0161ebn\u00ed \u00fa\u010det).<\/p>\n<p>Na port\u00e1lu https:\/\/en.passengereye.com je ulo\u017eena fotoreport\u00e1\u017e (jeden nebo v\u00edce sn\u00edmk\u016f s popisem vybran\u00e9 lokality) podle polohy GPS se zapsan\u00fdm \u010dasem a zmapovanou cestou mezi fotoreport\u00e1\u017eemi.<\/p>\n<h2><strong>Pou\u017eit\u00ed aplikace<\/strong><\/h2>\n<ol>\n<li>Kdy\u017e se prodejce p\u0159ihl\u00e1s\u00ed do mobiln\u00ed aplikace PassengerEye, vybere si nejprve \u00fa\u010det, se kter\u00fdm m\u00e1 uzav\u0159enou smlouvu, co\u017e vy\u017eaduje p\u0159ipojen\u00ed k internetu.<\/li>\n<li>P\u0159i p\u0159ihl\u00e1\u0161en\u00ed se mobiln\u00ed aplikace PassengerEye p\u0159ipoj\u00ed ke smluvn\u00edmu \u00fa\u010dtu na port\u00e1lu https:\/\/en.passengereye.com a nahl\u00e1s\u00ed mu \u010das a polohu.<\/li>\n<li>Prodejce vytv\u00e1\u0159\u00ed a nahr\u00e1v\u00e1 fotoreport\u00e1\u017ee pomoc\u00ed mobiln\u00ed aplikace PassengerEye.<\/li>\n<li>Po skon\u010den\u00ed fotoreport\u00e1\u017ee a cesty se prodejce z mobiln\u00ed aplikace odhl\u00e1s\u00ed, a t\u00edm informuje smluvn\u00ed \u00fa\u010det o str\u00e1ven\u00e9m \u010dase a kilometrovn\u00e9m.<\/li>\n<\/ol>\n<p>Ka\u017ed\u00fd \u00fa\u010det na port\u00e1lu https:\/\/en.passengereye.com m\u016f\u017ee m\u00edt jednoho nebo v\u00edce prodejc\u016f, kte\u0159\u00ed na n\u011bj zaslali fotoreport\u00e1\u017ee. V registrovan\u00fdch jsou zobrazeny fotoreporty \u00fa\u010dtu, str\u00e1ven\u00e9 hodiny a d\u00e9lka cel\u00e9 trasy podle dn\u016f pro ka\u017ed\u00e9ho jednotliv\u00e9ho prodejce. Na port\u00e1lu https:\/\/en.passengereye.com:<\/p>\n<p>- cestuj\u00edc\u00ed osobu lze sledovat na \u00fa\u010dtu na map\u011b,<br \/>\n- lze zkontrolovat fotografie m\u00edst<br \/>\n- d\u00e9lka trasy v km a<br \/>\n- \u010das str\u00e1ven\u00fd ka\u017ed\u00fdm prodejcem v dan\u00e9m dni.<\/p>\n<p>Ka\u017ed\u00fd prodejce m\u016f\u017ee potvrdit smlouvu s jedn\u00edm nebo v\u00edce \u00fa\u010dty, resp. spole\u010dnostmi. Ka\u017ed\u00fd \u00fa\u010det nebo spole\u010dnost m\u016f\u017ee m\u00edt v\u00edce prodejc\u016f. Ka\u017ed\u00fd u\u017eivatel mobiln\u00ed aplikace tedy m\u016f\u017ee bu\u010f nahr\u00e1vat fotoreport\u00e1\u017ee pouze na jeden vybran\u00fd \u00fa\u010det, nebo m\u016f\u017ee nahr\u00e1vat na v\u00edce \u00fa\u010dt\u016f. V z\u00e1vislosti na po\u010dtu \u00fa\u010dt\u016f, se kter\u00fdmi m\u00e1 uzav\u0159enou smlouvu.<\/p>\n<p>Prodejce, kter\u00fd nem\u00e1 aktivn\u00ed smlouvu, m\u016f\u017ee pou\u017e\u00edt testovac\u00ed \u00fa\u010det nebo si m\u016f\u017ee zaregistrovat svou firmu na https:\/\/PassengerEye.com a p\u0159ipojit aplikaci ve sv\u00e9m telefonu k vlastn\u00edmu \u00fa\u010dtu a nahr\u00e1vat do n\u00ed fotoreport\u00e1\u017ee.<\/p>\n<p>Pokud si u\u017eivatel nep\u0159eje registrovat \u00fa\u010det na https:\/\/en.passengereye.com, m\u016f\u017ee na e-mail app@marcelino.si zaslat PIN nebo API KEY sv\u00e9 mobiln\u00ed aplikace a obdr\u017e\u00ed smlouvu s testovac\u00edm \u00fa\u010dtem. Testovac\u00ed \u00fa\u010det nebo testovac\u00ed spole\u010dnost funguje bez omezen\u00ed.<\/p>\n<p>Pro fungov\u00e1n\u00ed jsou nutn\u00e9:<br \/>\n- Internet (pro p\u0159ihl\u00e1\u0161en\u00ed a odhl\u00e1\u0161en\u00ed)<br \/>\n- povolen\u00e1 poloha v mobiln\u00edm telefonu (funkce GPS).<br \/>\n- spojen\u00ed s registrovan\u00fdm \u00fa\u010dtem nebo testovac\u00edm \u00fa\u010dtem na PassengerEye.com.<\/p>\n<p>Aplikace nen\u00ed ur\u010dena pouze pro firmy, ale mohou ji pou\u017e\u00edvat i jednotlivci.<\/p>\n<p>Novinky ve verzi 1.0<br \/>\n- popis resp. koment\u00e1\u0159e pod fotografi\u00ed<br \/>\n- p\u0159ihl\u00e1\u0161en\u00ed k jedn\u00e9 nebo v\u00edce spole\u010dnostem (tj. k registrovan\u00fdm u\u017eivatel\u016fm na port\u00e1lu).<br \/>\n- jedna spole\u010dnost nebo registrovan\u00fd \u00fa\u010det m\u016f\u017ee m\u00edt v\u00edce prodejc\u016f.<br \/>\n- m\u011b\u0159en\u00ed pracovn\u00ed doby<br \/>\n- m\u011b\u0159en\u00ed d\u00e9lky cesty<br \/>\n- r\u016fzn\u00e9 p\u0159ehledy na port\u00e1lu (po\u010det fotoreport\u00e1\u017e\u00ed na prodejce a den atd.).<br \/>\n- p\u0159id\u00e1n\u00ed seznamu m\u00edst (import p\u0159es port\u00e1l).<br \/>\n- p\u0159id\u00e1v\u00e1n\u00ed str\u00e1nek do jednotn\u00e9ho seznamu v mobiln\u00ed aplikaci PassengerEye.com.<\/p>","protected":false},"excerpt":{"rendered":"<p>Popis \/ N\u00e1vod k pou\u017eit\u00ed PassengerEye je BEZPLATN\u00c1 mobiln\u00ed aplikace, kter\u00e1 u\u017eivateli umo\u017e\u0148uje fotoreportovat m\u00edsta. Fotoreport\u00e1\u017ee se nahr\u00e1vaj\u00ed na port\u00e1l https:\/\/en.passengereye.com, kde si je m\u016f\u017eete prohl\u00e9dnout. PassengerEye umo\u017e\u0148uje [...]<\/p>","protected":false},"author":2,"featured_media":0,"parent":0,"menu_order":0,"comment_status":"closed","ping_status":"closed","template":"","meta":[],"_links":{"self":[{"href":"https:\/\/en.passengereye.com\/cs\/wp-json\/wp\/v2\/pages\/3448"}],"collection":[{"href":"https:\/\/en.passengereye.com\/cs\/wp-json\/wp\/v2\/pages"}],"about":[{"href":"https:\/\/en.passengereye.com\/cs\/wp-json\/wp\/v2\/types\/page"}],"author":[{"embeddable":true,"href":"https:\/\/en.passengereye.com\/cs\/wp-json\/wp\/v2\/users\/2"}],"replies":[{"embeddable":true,"href":"https:\/\/en.passengereye.com\/cs\/wp-json\/wp\/v2\/comments?post=3448"}],"version-history":[{"count":9,"href":"https:\/\/en.passengereye.com\/cs\/wp-json\/wp\/v2\/pages\/3448\/revisions"}],"predecessor-version":[{"id":3463,"href":"https:\/\/en.passengereye.com\/cs\/wp-json\/wp\/v2\/pages\/3448\/revisions\/3463"}],"wp:attachment":[{"href":"https:\/\/en.passengereye.com\/cs\/wp-json\/wp\/v2\/media?parent=3448"}],"curies":[{"name":"wp","href":"https:\/\/api.w.org\/{rel}","templated":true}]}}