{"id":3115,"date":"2014-12-30T10:01:56","date_gmt":"2014-12-30T03:01:56","guid":{"rendered":"http:\/\/demo.leafcolor.com\/applay\/?page_id=3115"},"modified":"2014-12-30T10:01:56","modified_gmt":"2014-12-30T03:01:56","slug":"home-mobile-game","status":"publish","type":"page","link":"https:\/\/en.passengereye.com\/cs\/home-mobile-game\/","title":{"rendered":"Home Mobile Game"},"content":{"rendered":"<div class=\"ia_row dark-div  ia_paralax\">\r\n        \t<div class=\"vc_row wpb_row vc_row-fluid vc_custom_1420257554602 vc_row-has-fill\"><div class=\"wpb_column vc_column_container vc_col-sm-12\"><div class=\"vc_column-inner\"><div class=\"wpb_wrapper\"><\/div><\/div><\/div><\/div>    \t\t\t<\/div><!--\/ia_row-->\r\n\t\t\t<div class=\"ia_row\">\r\n        \t<div class=\"vc_row wpb_row vc_row-fluid vc_custom_1420257680042 vc_row-has-fill\"><div class=\"wpb_column vc_column_container vc_col-sm-6\"><div class=\"vc_column-inner vc_custom_1420257696659\"><div class=\"wpb_wrapper\">    <div class=\"ia-heading ia-heading-heading_7530 heading-align-center\" data-delay=\"0\">\r\n    \t<h2 class=\"h1\">\r\n                \tNEJLEP\u0160\u00cd <span class=\"main-color-1\">STRATEGICK\u00c1 HRA<\/span>                <\/h2>\r\n        <div class=\"clearfix\"><\/div>\r\n    <\/div>\r\n    \n\t<div class=\"wpb_text_column wpb_content_element\" >\n\t\t<div class=\"wpb_wrapper\">\n\t\t\t<p style=\"text-align: center;\">Suspendisse non nisl sit amet velit hendrerit rutrum. Sed augue ipsum, egestas nec, vestibulum et, malesuada adipiscing, dui. Morbi nec metus. Nullam dictum felis eu pede mollis pretium. Sed cursus turpis vitae tortor.<\/p>\n\n\t\t<\/div>\n\t<\/div>\n\n\t<div class=\"wpb_text_column wpb_content_element\" >\n\t\t<div class=\"wpb_wrapper\">\n\t\t\t<p style=\"text-align: center;\">    \t<a class=\"btn button-button_40 btn-default btn-lg\" href=\"#\"   >\r\n        <i class=\"fa fa-apple\"><\/i>&nbsp;&nbsp;App Store        <\/a>\r\n         \u00a0    \t<a class=\"btn button-button_92 btn-primary btn-lg\" href=\"#\"   >\r\n        <i class=\"fa fa-google\"><\/i>&nbsp;&nbsp;Google Play        <\/a>\r\n        <br class=\"nc\" \/><br class=\"nc\" \/><\/p>\n\n\t\t<\/div>\n\t<\/div>\n<\/div><\/div><\/div><div class=\"wpb_column vc_column_container vc_col-sm-6\"><div class=\"vc_column-inner\"><div class=\"wpb_wrapper\"><\/div><\/div><\/div><\/div>    \t\t\t<\/div><!--\/ia_row-->\r\n\t\t\t<div class=\"ia_row\">\r\n        \t<div class=\"vc_row wpb_row vc_row-fluid vc_custom_1414920754627\"><div class=\"wpb_column vc_column_container vc_col-sm-6\"><div class=\"vc_column-inner\"><div class=\"wpb_wrapper\"><\/div><\/div><\/div><div class=\"wpb_column vc_column_container vc_col-sm-6\"><div class=\"vc_column-inner vc_custom_1412697251983\"><div class=\"wpb_wrapper\">    <div class=\"ia-heading ia-heading-heading_2233 heading-align-left\" data-delay=\"0\">\r\n    \t<h2 class=\"h1\">\r\n                \tHra <span class=\"main-color-1\">Funkce<\/span>                <\/h2>\r\n        <div class=\"clearfix\"><\/div>\r\n    <\/div>\r\n    <div class=\"vc_empty_space\"   style=\"height: 9px\" ><span class=\"vc_empty_space_inner\"><\/span><\/div>\n\n\t<div class=\"wpb_accordion wpb_content_element  not-column-inherit\" data-collapsible=\"\" data-vc-disable-keydown=\"false\" data-active-tab=\"1\">\n\t\t<div class=\"wpb_wrapper wpb_accordion_wrapper ui-accordion\">\n\n\n\t<div class=\"wpb_accordion_section group\">\n\t\t<h3 class=\"wpb_accordion_header ui-accordion-header\"><a href=\"#build-your-app-landing-page-in-seconds\">Vytvo\u0159te si \u00favodn\u00ed str\u00e1nku aplikace b\u011bhem n\u011bkolika sekund<\/a><\/h3>\n\t\t<div class=\"wpb_accordion_content ui-accordion-content vc_clearfix\">\n\t\t\t\n\t<div class=\"wpb_text_column wpb_content_element\" >\n\t\t<div class=\"wpb_wrapper\">\n\t\t\t<p>Sed ut perspiciatis unde omnis iste natus error sit voluptatem accusantium doloremque laudantium, totam rem aperiam, eaque ipsa quae ab illo inventore veritatis et quasi architecto beatae vitae dicta sunt explicabo. Nemo enim ipsam voluptatem quia voluptas sit aspernatur aut odit aut fugit.<\/p>\n    \t<a class=\"btn button-button_57 btn-primary\" href=\"#\"   >\r\n        <i class=\"fa fa-rocket\"><\/i>&nbsp;&nbsp;Z\u00edskejte ji nyn\u00ed&nbsp;&nbsp;<i class=\"fa fa-angle-right\"><\/i>        <\/a>\r\n        \n\n\t\t<\/div>\n\t<\/div>\n\n\t\t<\/div>\n\t<\/div>\n\n\t<div class=\"wpb_accordion_section group\">\n\t\t<h3 class=\"wpb_accordion_header ui-accordion-header\"><a href=\"#trending-flat-and-responsive-design\">Trendy ploch\u00fd a responzivn\u00ed design<\/a><\/h3>\n\t\t<div class=\"wpb_accordion_content ui-accordion-content vc_clearfix\">\n\t\t\t\n\t<div class=\"wpb_text_column wpb_content_element\" >\n\t\t<div class=\"wpb_wrapper\">\n\t\t\t<p>Sed ut perspiciatis unde omnis iste natus error sit voluptatem accusantium doloremque laudantium, totam rem aperiam, eaque ipsa quae ab illo inventore veritatis et quasi architecto beatae vitae dicta sunt explicabo. Nemo enim ipsam voluptatem quia voluptas sit aspernatur aut odit aut fugit, sed quia consequuntur magni dolores eos qui ratione voluptatem sequi nesciunt.<\/p>\n\n\t\t<\/div>\n\t<\/div>\n\n\t\t<\/div>\n\t<\/div>\n\n\t<div class=\"wpb_accordion_section group\">\n\t\t<h3 class=\"wpb_accordion_header ui-accordion-header\"><a href=\"#make-your-app-mockup-with-showcase-plugin\">Vytvo\u0159te si maketu aplikace pomoc\u00ed modulu Showcase Plugin<\/a><\/h3>\n\t\t<div class=\"wpb_accordion_content ui-accordion-content vc_clearfix\">\n\t\t\t\n\t<div class=\"wpb_text_column wpb_content_element\" >\n\t\t<div class=\"wpb_wrapper\">\n\t\t\t<p>Sed ut perspiciatis unde omnis iste natus error sit voluptatem accusantium doloremque laudantium, totam rem aperiam, eaque ipsa quae ab illo inventore veritatis et quasi architecto beatae vitae dicta sunt explicabo. Nemo enim ipsam voluptatem quia voluptas sit aspernatur aut odit aut fugit, sed quia consequuntur magni dolores eos qui ratione voluptatem sequi nesciunt.<\/p>\n\n\t\t<\/div>\n\t<\/div>\n\n\t\t<\/div>\n\t<\/div>\n\n\t<div class=\"wpb_accordion_section group\">\n\t\t<h3 class=\"wpb_accordion_header ui-accordion-header\"><a href=\"#start-your-own-app-store-with-one-click\">Zalo\u017ete si vlastn\u00ed obchod s aplikacemi jedn\u00edm kliknut\u00edm<\/a><\/h3>\n\t\t<div class=\"wpb_accordion_content ui-accordion-content vc_clearfix\">\n\t\t\t\n\t<div class=\"wpb_text_column wpb_content_element\" >\n\t\t<div class=\"wpb_wrapper\">\n\t\t\t<p>Sed ut perspiciatis unde omnis iste natus error sit voluptatem accusantium doloremque laudantium, totam rem aperiam, eaque ipsa quae ab illo inventore veritatis et quasi architecto beatae vitae dicta sunt explicabo. Nemo enim ipsam voluptatem quia voluptas sit aspernatur aut odit aut fugit, sed quia consequuntur magni dolores eos qui ratione voluptatem sequi nesciunt.<\/p>\n\n\t\t<\/div>\n\t<\/div>\n\n\t\t<\/div>\n\t<\/div>\n\n\t\t<\/div>\n\t<\/div>\n<\/div><\/div><\/div><\/div>    \t\t\t<\/div><!--\/ia_row-->\r\n\t\t\t<div class=\"ia_row\">\r\n        \t<div class=\"vc_row wpb_row vc_row-fluid vc_custom_1420254393878 vc_row-has-fill\"><div class=\"wpb_column vc_column_container vc_col-sm-2\"><div class=\"vc_column-inner\"><div class=\"wpb_wrapper\"><\/div><\/div><\/div><div class=\"wpb_column vc_column_container vc_col-sm-8\"><div class=\"vc_column-inner\"><div class=\"wpb_wrapper\">    <div class=\"ia-heading ia-heading-heading_6285 heading-align-center\" data-delay=\"0\">\r\n    \t<h2 class=\"h1\">\r\n                \tHra <span class=\"main-color-1\">P\u0159\u00edv\u011bs<\/span>                <\/h2>\r\n        <div class=\"clearfix\"><\/div>\r\n    <\/div>\r\n    \n\t<div class=\"wpb_video_widget wpb_content_element vc_clearfix   vc_video-aspect-ratio-169 vc_video-el-width-100 vc_video-align-left\" >\n\t\t<div class=\"wpb_wrapper\">\n\t\t\t\n\t\t\t<div class=\"wpb_video_wrapper\"><a href=\"https:\/\/www.youtube.com\/watch?v=GXQExw1zSPA\">https:\/\/www.youtube.com\/watch?v=GXQExw1zSPA<\/a><\/div>\n\t\t<\/div>\n\t<\/div>\n<\/div><\/div><\/div><div class=\"wpb_column vc_column_container vc_col-sm-2\"><div class=\"vc_column-inner\"><div class=\"wpb_wrapper\"><\/div><\/div><\/div><\/div>    \t\t\t<\/div><!--\/ia_row-->\r\n\t\t\t<div class=\"ia_row\">\r\n        \t<div class=\"vc_row wpb_row vc_row-fluid vc_custom_1420257740549 vc_row-has-fill\"><div class=\"wpb_column vc_column_container vc_col-sm-4\"><div class=\"vc_column-inner\"><div class=\"wpb_wrapper\">\n\t<div class=\"wpb_text_column wpb_content_element\" >\n\t\t<div class=\"wpb_wrapper\">\n\t\t\t<p><a href=\"http:\/\/demo.leafcolor.com\/applay\/wp-content\/uploads\/2014\/12\/bg_clashofclans_character.png\"><img loading=\"lazy\" class=\"alignnone size-full wp-image-3146\" src=\"http:\/\/demo.leafcolor.com\/applay\/wp-content\/uploads\/2014\/12\/bg_clashofclans_character.png\" alt=\"bg_clashofclans_character\" width=\"488\" height=\"636\" \/><\/a><\/p>\n\n\t\t<\/div>\n\t<\/div>\n<\/div><\/div><\/div><div class=\"wpb_column vc_column_container vc_col-sm-8\"><div class=\"vc_column-inner vc_custom_1420255327732\"><div class=\"wpb_wrapper\">    <div class=\"ia-heading ia-heading-heading_7928 heading-align-center\" data-delay=\"0\">\r\n    \t<h2 >\r\n                \tNa\u0161e <span class=\"main-color-1\">Hr\u00e1\u010di<\/span>                <\/h2>\r\n        <div class=\"clearfix\"><\/div>\r\n    <\/div>\r\n    \t\t<section class=\"testimonials testimonials-1811\" data-delay=\"0\">\r\n        \t<div class=\"section-inner\">\r\n                <div class=\"testimonial-carousel owl-carousel init-carousel single-carousel\" data-autoplay=\"5000\" >\r\n                    \t\t<div class=\"carousel-item testimonial-item-7317\">\r\n            <div class=\"testimonial-item text-center\">\r\n            \t<i class=\"fa fa-quote-right main-color-1\"><\/i>\r\n                <p class=\"font-2\">To je nejlep\u0161\u00ed t\u00e9ma App Store. Praesent ac massa at ligula laoreet iaculis. \u00da\u017easn\u00e1 podpora 24\/7<\/p>\r\n                <div class=\"media testi_user\">\r\n                \t                    <div class=\"pull-left\">\r\n                    \t                        <img src=\"https:\/\/en.passengereye.com\/wp-includes\/images\/media\/default.png\" width=\"50\" height=\"50\" alt=\"John Doe\">\r\n                    <\/div>\r\n                                        <div class=\"media-body\">\r\n                        <h6 class=\"h5 media-heading main-color-1\">John Doe<\/h6>\r\n                        <span>N\u00e1vrh\u00e1\u0159<\/span>\r\n                    <\/div>\r\n                <\/div>\r\n            <\/div>\r\n        <\/div><!--\/carousel-item-->\r\n\t\t\t<div class=\"carousel-item testimonial-item-3902\">\r\n            <div class=\"testimonial-item text-center\">\r\n            \t<i class=\"fa fa-quote-right main-color-1\"><\/i>\r\n                <p class=\"font-2\">Toto je nejlep\u0161\u00ed t\u00e9ma App Landing. Nullam nulla eros, ultricies sit amet, nonummy id. Perfektn\u00ed podpora a slu\u017eby<\/p>\r\n                <div class=\"media testi_user\">\r\n                \t                    <div class=\"pull-left\">\r\n                    \t                        <img src=\"https:\/\/en.passengereye.com\/wp-includes\/images\/media\/default.png\" width=\"50\" height=\"50\" alt=\"Mc Jame\">\r\n                    <\/div>\r\n                                        <div class=\"media-body\">\r\n                        <h6 class=\"h5 media-heading main-color-1\">Mc Jame<\/h6>\r\n                        <span>Webov\u00fd v\u00fdvoj\u00e1\u0159<\/span>\r\n                    <\/div>\r\n                <\/div>\r\n            <\/div>\r\n        <\/div><!--\/carousel-item-->\r\n\t\t\t<div class=\"carousel-item testimonial-item-4623\">\r\n            <div class=\"testimonial-item text-center\">\r\n            \t<i class=\"fa fa-quote-right main-color-1\"><\/i>\r\n                <p class=\"font-2\">Applay je nejlep\u0161\u00ed t\u00e9ma pro prezentaci aplikac\u00ed. Praesent ac massa at ligula laoreet iaculis. Neexistuje \u017e\u00e1dn\u00fd srovnateln\u00fd<\/p>\r\n                <div class=\"media testi_user\">\r\n                \t                    <div class=\"pull-left\">\r\n                    \t                        <img src=\"https:\/\/en.passengereye.com\/wp-includes\/images\/media\/default.png\" width=\"50\" height=\"50\" alt=\"Jane Doe\">\r\n                    <\/div>\r\n                                        <div class=\"media-body\">\r\n                        <h6 class=\"h5 media-heading main-color-1\">Jane Doe<\/h6>\r\n                        <span>\u0158editel<\/span>\r\n                    <\/div>\r\n                <\/div>\r\n            <\/div>\r\n        <\/div><!--\/carousel-item-->\r\n\t                <\/div>\r\n            <\/div>\r\n        <\/section><!--\/testimonial-->\r\n\t<\/div><\/div><\/div><\/div>    \t\t\t<\/div><!--\/ia_row-->\r\n\t\t\t<div class=\"ia_row\">\r\n        \t<div class=\"vc_row wpb_row vc_row-fluid vc_custom_1416743071214\"><div class=\"wpb_column vc_column_container vc_col-sm-8\"><div class=\"vc_column-inner\"><div class=\"wpb_wrapper\">    <div class=\"ia-heading ia-heading-heading_7892 heading-align-left\" data-delay=\"0\">\r\n    \t<h2 >\r\n                \tNejnov\u011bj\u0161\u00ed <span class=\"main-color-1\">Zpr\u00e1vy<\/span>                <\/h2>\r\n        <div class=\"clearfix\"><\/div>\r\n    <\/div>\r\n        \t<section class=\"app-b-post-listing shortcode-blog-60\" data-delay=\"0\">\r\n                <div class=\"section-body\">\r\n                \t<div class=\"row\">\r\n                \t\t\t\t\t\t\t\t<div class=\"col-md-12 shortcode-blog-item\">\r\n                                <div class=\"content-pad\">\r\n                                    <div class=\"post-item row\">\r\n                                        <div class=\"col-md-5 col-sm-6\">\r\n                                            <div class=\"content-pad\">\r\n                                                <div class=\"item-thumbnail\">\r\n                                                    <a href=\"https:\/\/en.passengereye.com\/cs\/scheduled\/\" title=\"Pl\u00e1novan\u00e9\">\r\n\t\t\t\t\t\t\t\t\t\t\t\t\t\t                                                        <img src=\"https:\/\/en.passengereye.com\/wp-content\/themes\/applay\/images\/default-photo.png\" width=\"500\" height=\"500\" title=\"Pl\u00e1novan\u00e9\" alt=\"Scheduled\">\r\n                                                        <div class='thumbnail-hoverlay main-color-1-bg'><\/div>\r\n                                                        <div class='thumbnail-hoverlay-icon'><i class=\"fa fa-search\"><\/i><\/div>\r\n                                                    <\/a>\r\n                                                <\/div>\r\n                                            <\/div>\r\n                                        <\/div>\r\n                                        <div class=\"col-md-7 col-sm-6\">\r\n                                            <div class=\"content-pad\">\r\n                                                <div class=\"item-content\">\r\n                                                                                                <div class=\"meta\">\r\n                                                     <span class=\"date\"><i class=\"fa fa-calendar\"><\/i> 1 ledna, 2020<\/span> \r\n                                                                                                     <\/div>\r\n                                                                                                    <h3 class=\"item-title\"><a href=\"https:\/\/en.passengereye.com\/cs\/scheduled\/\" title=\"Pl\u00e1novan\u00e9\" class=\"main-color-1-hover\">Pl\u00e1novan\u00e9<\/a><\/h3>\r\n                                                    <div class=\"shortcode-blog-excerpt\"><p>Tento p\u0159\u00edsp\u011bvek bude zve\u0159ejn\u011bn v budoucnu. Nem\u011bl by b\u00fdt zobrazen v t\u00e9matu.<\/p>\n<\/div>\r\n                                                    <div class=\"item-meta\">\r\n                                                        <a class=\"btn btn-default btn-lighter\" href=\"https:\/\/en.passengereye.com\/cs\/scheduled\/\" title=\"Pl\u00e1novan\u00e9\">Read more <i class=\"fa fa-angle-right\"><\/i><\/a>\r\n\t\t\t\t\t\t\t\t\t\t\t\t\t\t\r\n                                                    <\/div>\r\n                                                <\/div>\r\n                                            <\/div>\r\n                                        <\/div>\r\n                                    <\/div><!--\/post-item-->\r\n                                <\/div>\r\n                            <\/div><!--\/shortcode-blog-item-->\r\n\t\t\t\t\t\t\t\t\t\t\t\t\t\t<div class=\"col-md-12 shortcode-blog-item\">\r\n                                <div class=\"content-pad\">\r\n                                    <div class=\"post-item row\">\r\n                                        <div class=\"col-md-5 col-sm-6\">\r\n                                            <div class=\"content-pad\">\r\n                                                <div class=\"item-thumbnail\">\r\n                                                    <a href=\"https:\/\/en.passengereye.com\/cs\/hello-world\/\" title=\"Ahoj sv\u011bte!\">\r\n\t\t\t\t\t\t\t\t\t\t\t\t\t\t                                                        <img src=\"https:\/\/en.passengereye.com\/wp-content\/themes\/applay\/images\/default-photo.png\" width=\"500\" height=\"500\" title=\"Ahoj sv\u011bte!\" alt=\"Hello world!\">\r\n                                                        <div class='thumbnail-hoverlay main-color-1-bg'><\/div>\r\n                                                        <div class='thumbnail-hoverlay-icon'><i class=\"fa fa-search\"><\/i><\/div>\r\n                                                    <\/a>\r\n                                                <\/div>\r\n                                            <\/div>\r\n                                        <\/div>\r\n                                        <div class=\"col-md-7 col-sm-6\">\r\n                                            <div class=\"content-pad\">\r\n                                                <div class=\"item-content\">\r\n                                                                                                <div class=\"meta\">\r\n                                                     <span class=\"date\"><i class=\"fa fa-calendar\"><\/i> 10 kv\u011btna, 2016<\/span> \r\n                                                                                                          <i class=\"fa fa-comments\"><\/i> <a href=\"https:\/\/en.passengereye.com\/cs\/hello-world\/#comment\" class=\"main-color-1-hover\" title=\"View comments\">0 COMMENTS<\/a> \r\n                                                                                                     <\/div>\r\n                                                                                                    <h3 class=\"item-title\"><a href=\"https:\/\/en.passengereye.com\/cs\/hello-world\/\" title=\"Ahoj sv\u011bte!\" class=\"main-color-1-hover\">Ahoj sv\u011bte!<\/a><\/h3>\r\n                                                    <div class=\"shortcode-blog-excerpt\"><p>V\u00edtejte ve slu\u017eb\u011b WordPress. Toto je v\u00e1\u0161 prvn\u00ed p\u0159\u00edsp\u011bvek. Upravte ho nebo sma\u017ete a pak za\u010dn\u011bte ps\u00e1t!<\/p>\n<\/div>\r\n                                                    <div class=\"item-meta\">\r\n                                                        <a class=\"btn btn-default btn-lighter\" href=\"https:\/\/en.passengereye.com\/cs\/hello-world\/\" title=\"Ahoj sv\u011bte!\">Read more <i class=\"fa fa-angle-right\"><\/i><\/a>\r\n\t\t\t\t\t\t\t\t\t\t\t\t\t\t\r\n                                                    <\/div>\r\n                                                <\/div>\r\n                                            <\/div>\r\n                                        <\/div>\r\n                                    <\/div><!--\/post-item-->\r\n                                <\/div>\r\n                            <\/div><!--\/shortcode-blog-item-->\r\n\t\t\t\t\t\t\t                    <\/div><!--\/row-->\r\n                <\/div><!--\/section-body-->\r\n        <\/section><!--\/blog-listing-->\r\n\t<\/div><\/div><\/div><div class=\"wpb_column vc_column_container vc_col-sm-4\"><div class=\"vc_column-inner vc_custom_1420254874325\"><div class=\"wpb_wrapper\">\n\t<div class=\"wpb_text_column wpb_content_element\" >\n\t\t<div class=\"wpb_wrapper\">\n\t\t\t<p><a href=\"http:\/\/demo.leafcolor.com\/applay\/wp-content\/uploads\/2014\/12\/archer.png\"><img loading=\"lazy\" class=\"alignnone size-full wp-image-3148\" src=\"http:\/\/demo.leafcolor.com\/applay\/wp-content\/uploads\/2014\/12\/archer.png\" alt=\"archer\" width=\"331\" height=\"489\" \/><\/a><\/p>\n\n\t\t<\/div>\n\t<\/div>\n<\/div><\/div><\/div><\/div>    \t\t\t<\/div><!--\/ia_row-->\r\n\t\t\t<div class=\"ia_row dark-div\">\r\n        \t<div class=\"vc_row wpb_row vc_row-fluid vc_custom_1420255217024 vc_row-has-fill\"><div class=\"wpb_column vc_column_container vc_col-sm-12\"><div class=\"vc_column-inner\"><div class=\"wpb_wrapper\">    <div class=\"ia-heading ia-heading-heading_3798 heading-align-left\" data-delay=\"0\">\r\n    \t<h2 >\r\n                \tP\u0159ihlaste se k odb\u011bru na <span class=\"main-color-1\">Zpravodaj<\/span>                <\/h2>\r\n        <div class=\"clearfix\"><\/div>\r\n    <\/div>\r\n    <\/div><\/div><\/div><div class=\"wpb_column vc_column_container vc_col-sm-7\"><div class=\"vc_column-inner\"><div class=\"wpb_wrapper\">\n\t<div class=\"wpb_text_column wpb_content_element\" >\n\t\t<div class=\"wpb_wrapper\">\n\t\t\t<p>Lorem ipsum dolor sit amet, consectetur adipiscing elit. Ut elit tellus, luctus nec ullamcorper mattis, pulvinar dapibus leo. Nunc nec neque. Quisque libero metus, condimentum nec<\/p>\n\n\t\t<\/div>\n\t<\/div>\n<\/div><\/div><\/div><div class=\"wpb_column vc_column_container vc_col-sm-5\"><div class=\"vc_column-inner\"><div class=\"wpb_wrapper\">\n\t<div class=\"wpb_text_column wpb_content_element\" >\n\t\t<div class=\"wpb_wrapper\">\n\t\t\t<p style=\"text-align: right;\"><input style=\"height: 43px; width: 220px;\" type=\"email\" placeholder=\"V\u00e1\u0161 e-mail\" \/> <a class=\"btn btn-primary\" style=\"margin-top: 0px;\">P\u0159ihlaste se k odb\u011bru na<\/a><\/p>\n\n\t\t<\/div>\n\t<\/div>\n<\/div><\/div><\/div><\/div>    \t\t\t<\/div><!--\/ia_row-->\r\n\t\t\t<div class=\"ia_row\">\r\n        \t<div class=\"vc_row wpb_row vc_row-fluid vc_custom_1420259474174\"><div class=\"wpb_column vc_column_container vc_col-sm-12\"><div class=\"vc_column-inner\"><div class=\"wpb_wrapper\"><div class=\"vc_message_box vc_message_box-3d vc_message_box-rounded vc_color-alert-info\" >\n\t<div class=\"vc_message_box-icon\"><i class=\"vc_pixel_icon vc_pixel_icon-info\"><\/i>\n\t<\/div><p>V\u0161echny hern\u00ed obr\u00e1zky a postavy pat\u0159\u00ed <a href=\"http:\/\/clashofclans.com\/\" target=\"_blank\">Supercell<\/a>\u00a0a nebudou sou\u010d\u00e1st\u00ed bal\u00ed\u010dku<\/p>\n<\/div>\n<\/div><\/div><\/div><\/div>    \t\t\t<\/div><!--\/ia_row-->\r\n\t <\/p>","protected":false},"excerpt":{"rendered":"V\u00edtejte ve slu\u017eb\u011b WordPress. Toto je v\u00e1\u0161 prvn\u00ed p\u0159\u00edsp\u011bvek. Upravte ho nebo sma\u017ete a pak za\u010dn\u011bte ps\u00e1t!","protected":false},"author":1,"featured_media":0,"parent":0,"menu_order":0,"comment_status":"open","ping_status":"closed","template":"page-templates\/tpl-demo-menu-style-off-canvas.php","meta":[],"_links":{"self":[{"href":"https:\/\/en.passengereye.com\/cs\/wp-json\/wp\/v2\/pages\/3115"}],"collection":[{"href":"https:\/\/en.passengereye.com\/cs\/wp-json\/wp\/v2\/pages"}],"about":[{"href":"https:\/\/en.passengereye.com\/cs\/wp-json\/wp\/v2\/types\/page"}],"author":[{"embeddable":true,"href":"https:\/\/en.passengereye.com\/cs\/wp-json\/wp\/v2\/users\/1"}],"replies":[{"embeddable":true,"href":"https:\/\/en.passengereye.com\/cs\/wp-json\/wp\/v2\/comments?post=3115"}],"version-history":[{"count":0,"href":"https:\/\/en.passengereye.com\/cs\/wp-json\/wp\/v2\/pages\/3115\/revisions"}],"wp:attachment":[{"href":"https:\/\/en.passengereye.com\/cs\/wp-json\/wp\/v2\/media?parent=3115"}],"curies":[{"name":"wp","href":"https:\/\/api.w.org\/{rel}","templated":true}]}}