{"id":12,"date":"2010-07-25T19:40:01","date_gmt":"2010-07-26T02:40:01","guid":{"rendered":"http:\/\/wpthemetestdata.wordpress.com\/about\/"},"modified":"2010-07-25T19:40:01","modified_gmt":"2010-07-26T02:40:01","slug":"features","status":"publish","type":"page","link":"https:\/\/en.passengereye.com\/cs\/features\/","title":{"rendered":"Funkce"},"content":{"rendered":"<p><img loading=\"lazy\" class=\"aligncenter wp-image-2031 size-full\" src=\"http:\/\/demo.leafcolor.com\/applay\/wp-content\/uploads\/2014\/10\/sc.png\" alt=\"sc\" width=\"900\" height=\"600\" \/><\/p>\n<p>&nbsp;<\/p>\n<div class=\"ia-heading ia-heading-heading_4527 heading-align-left\" data-delay=\"\">\r\n    \t<h2 >\r\n                \tO SPOLE\u010cNOSTI APPLAY                <\/h2>\r\n        <div class=\"clearfix\"><\/div>\r\n    <\/div>\r\n    Applay je v\u00edce\u00fa\u010delov\u00e9 t\u00e9ma WordPressu pro App Showcase, App Store, App Landing, Business a Shopping. Pokud se v\u00e1m toto t\u00e9ma l\u00edb\u00ed, ohodno\u0165te jej 5 hv\u011bzdi\u010dkami nebo zanechte koment\u00e1\u0159, abychom mohli vytv\u00e1\u0159et lep\u0161\u00ed produkty.<\/p>\n<p>&nbsp;<\/p>\n    <div class=\"ia-heading ia-heading-heading_2112 heading-align-left\" data-delay=\"\">\r\n    \t<h2 >\r\n                \tFunkce                <\/h2>\r\n        <div class=\"clearfix\"><\/div>\r\n    <\/div>\r\n    \n<ul>\n<li>Ultra responzivn\u00ed design<\/li>\n<li>P\u0159ipravenost na s\u00ed\u0165 Retina<\/li>\n<li>4 varianty domovsk\u00e9 str\u00e1nky a neomezen\u00e9 mo\u017enosti<\/li>\n<li>3 varianty obchodu Appstore a neomezen\u00e9 mo\u017enosti<\/li>\n<li>3 styly z\u00e1hlav\u00ed x 2 sch\u00e9mata z\u00e1hlav\u00ed (tmav\u00e9\/sv\u011btl\u00e9)<\/li>\n<li>Plugin Mobile Showcase Builder - vytvo\u0159en\u00ed mobiln\u00ed makety bez pou\u017eit\u00ed Photoshopu<\/li>\n<li>Prodej nebo promo mobiln\u00edch aplikac\u00ed pomoc\u00ed WooCommerce<\/li>\n<li>Integrovan\u00fd WooCommerce - Prod\u00e1vejte sv\u00e9 produkty online snadno<\/li>\n<li>Efekt parallax a animace CSS<\/li>\n<li>*Tvorba str\u00e1nek - Visual Composer v cen\u011b (u\u0161et\u0159\u00edte $25)<\/li>\n<li>*Quick Ajax - Modern\u00ed Ajax dotaz v cen\u011b (u\u0161et\u0159\u00edte $17)<br \/>\nFlexibiln\u00ed, v\u00fdkonn\u00e9 a kr\u00e1sn\u00e9 Shortcodes<\/li>\n<li>Neomezen\u00e9 barvy a rozvr\u017een\u00ed<\/li>\n<li>Rozbalovac\u00ed menu s v\u00edce sloupci<\/li>\n<li>Vestav\u011bn\u00e9 widgety a vlastn\u00ed nastaven\u00ed rozvr\u017een\u00ed widget\u016f<\/li>\n<li>Soci\u00e1ln\u00ed \u00fa\u010dty a sd\u00edlen\u00ed v soci\u00e1ln\u00edch s\u00edt\u00edch<\/li>\n<li>Pln\u011b p\u0159izp\u016fsobiteln\u00e9 pomoc\u00ed mo\u017enost\u00ed motivu<\/li>\n<li>Vzorov\u00e9 \u00fadaje zahrnovaly<\/li>\n<li>Podpora WP Pagenavi, Kontaktn\u00ed formul\u00e1\u0159 7, Flickr Badges Widget...<\/li>\n<li>Podpora v\u0161ech p\u00edsem Google<\/li>\n<li>Integrovan\u00e9 \u00fa\u017easn\u00e9 p\u00edsmo<\/li>\n<li>WPML Ready - Pro v\u00edcejazy\u010dn\u00e9 webov\u00e9 str\u00e1nky<\/li>\n<li>Automatick\u00e1 aktualizace - Chcete-li udr\u017eet t\u00e9ma aktualizovan\u00e9 na nejnov\u011bj\u0161\u00ed verzi<\/li>\n<li>P\u0159izp\u016fsobiteln\u00fd efekt p\u0159edb\u011b\u017en\u00e9ho na\u010d\u00edt\u00e1n\u00ed<\/li>\n<\/ul>\n<p>(Aktualizace)<\/p>","protected":false},"excerpt":{"rendered":"<p>&nbsp; Applay is a multipurpose WordPress theme for App showcase, App Store, App Landing, Business and Shopping. If you like this theme, please rate 5 stars or leave comments so we can make better products. [&hellip;]<\/p>","protected":false},"author":1,"featured_media":0,"parent":0,"menu_order":1,"comment_status":"closed","ping_status":"closed","template":"","meta":[],"_links":{"self":[{"href":"https:\/\/en.passengereye.com\/cs\/wp-json\/wp\/v2\/pages\/12"}],"collection":[{"href":"https:\/\/en.passengereye.com\/cs\/wp-json\/wp\/v2\/pages"}],"about":[{"href":"https:\/\/en.passengereye.com\/cs\/wp-json\/wp\/v2\/types\/page"}],"author":[{"embeddable":true,"href":"https:\/\/en.passengereye.com\/cs\/wp-json\/wp\/v2\/users\/1"}],"replies":[{"embeddable":true,"href":"https:\/\/en.passengereye.com\/cs\/wp-json\/wp\/v2\/comments?post=12"}],"version-history":[{"count":0,"href":"https:\/\/en.passengereye.com\/cs\/wp-json\/wp\/v2\/pages\/12\/revisions"}],"wp:attachment":[{"href":"https:\/\/en.passengereye.com\/cs\/wp-json\/wp\/v2\/media?parent=12"}],"curies":[{"name":"wp","href":"https:\/\/api.w.org\/{rel}","templated":true}]}}